{"id":19,"date":"2016-08-07T11:29:31","date_gmt":"2016-08-07T09:29:31","guid":{"rendered":"http:\/\/festival-nauke.me\/2015\/?page_id=19"},"modified":"2016-08-26T07:12:08","modified_gmt":"2016-08-26T05:12:08","slug":"izlozbe","status":"publish","type":"page","link":"https:\/\/festival-nauke.me\/2015\/izlozbe\/","title":{"rendered":"Izlo\u017ebe"},"content":{"rendered":"<div id=\"pl-19\"  class=\"panel-layout\" ><div id=\"pg-19-0\"  class=\"panel-grid panel-has-style\" ><div class=\"siteorigin-panels-stretch panel-row-style panel-row-style-for-19-0\" data-stretch-type=\"full-stretched\" ><div id=\"pgc-19-0-0\"  class=\"panel-grid-cell\" ><div id=\"panel-19-0-0-0\" class=\"so-panel widget widget_text panel-first-child panel-last-child\" data-index=\"0\" >\t\t\t<div class=\"textwidget\"><div style=\"display: none;\" class=\"crellyslider-slider crellyslider-slider-full-width crellyslider-slider-home crellyslider-1\" id=\"crellyslider-1\">\n<ul>\n<li\nstyle=\"\nbackground-color: transparent;\nbackground-image: url('https:\/\/festival-nauke.me\/2015\/wp-content\/uploads\/sites\/4\/2016\/08\/BG.png');\nbackground-position: center center;\nbackground-repeat: no-repeat;\nbackground-size: cover;\n\n\"\ndata-in=\"fade\"\ndata-ease-in=\"750\"\ndata-out=\"fade\"\ndata-ease-out=\"750\"\ndata-time=\"5000\"\n>\n<img\nclass=\"\"\nsrc=\"https:\/\/festival-nauke.me\/2015\/wp-content\/uploads\/sites\/4\/2016\/08\/ni7.png\"\nalt=\"\"\nstyle=\"\nz-index: 1;\n\n\"\ndata-delay=\"0\"\ndata-ease-in=\"700\"\ndata-ease-out=\"300\"\ndata-in=\"slideRight\"\ndata-out=\"fade\"\ndata-ignore-ease-out=\"0\"\ndata-top=\"0\"\ndata-left=\"0\"\ndata-time=\"all\"\n\/>\n<img\nclass=\"\"\nsrc=\"https:\/\/festival-nauke.me\/2015\/wp-content\/uploads\/sites\/4\/2016\/08\/istrazi1.png\"\nalt=\"\"\nstyle=\"\nz-index: 1;\n\n\"\ndata-delay=\"700\"\ndata-ease-in=\"700\"\ndata-ease-out=\"300\"\ndata-in=\"slideLeft\"\ndata-out=\"fade\"\ndata-ignore-ease-out=\"0\"\ndata-top=\"350\"\ndata-left=\"635\"\ndata-time=\"all\"\n\/>\n<\/li>\n<\/ul>\n<\/div>\n<script type=\"text\/javascript\">\n(function($) {\n$(document).ready(function() {\n$(\"#crellyslider-1\").crellySlider({\nlayout: 'full-width',\nresponsive: 1,\nstartWidth: 1140,\nstartHeight: 400,\nautomaticSlide: 0,\nshowControls: 0,\nshowNavigation: 0,\nenableSwipe: 0,\nshowProgressBar: 0,\npauseOnHover: 0,\nrandomOrder: 0,\nstartFromSlide: 0,\nbeforeStart : function() {},\nbeforeSetResponsive : function() {},\nbeforeSlideStart : function() {},\nbeforePause\t: function() {},\nbeforeResume : function() {},\n});\n});\n})(jQuery);\n<\/script>\n<\/div>\n\t\t<\/div><\/div><\/div><\/div><div id=\"pg-19-1\"  class=\"panel-grid panel-no-style\" ><div id=\"pgc-19-1-0\"  class=\"panel-grid-cell\" ><div id=\"panel-19-1-0-0\" class=\"so-panel widget widget_sow-editor panel-first-child panel-last-child\" data-index=\"1\" ><div\n\t\t\t\n\t\t\tclass=\"so-widget-sow-editor so-widget-sow-editor-base\"\n\t\t\t\n\t\t>\n<div class=\"siteorigin-widget-tinymce textwidget\">\n\t<div id=\"content\"><div id=\"post-20\" class=\"post-20 page type-page status-publish hentry\"><div class=\"post-content\"><h4>CERN u Crnoj Gori \u2013 \u010cudesni svijet \u010destica<\/h4><p>Capital Plaza<\/p><h5>Priroda<strong> nas spaja<\/strong><\/h5><p>Prirodnja\u010dki\u00a0 muzej Crne Gore<\/p><h5>Izlo\u017eba<strong> o izlo\u017ebi<\/strong><\/h5><p>Crna Gora u doba mezozoika<\/p><p>Centar savremene umjetnosti\u00a0na Kru\u0161evcu<\/p><p>\u201eIzlo\u017eba o izlo\u017ebi\u201c je retrospektiva izlo\u017ebe o dinosaurusima iz Argentine koja je tokom ljetnjeg perioda bila postavljena na Jadranskom sajmu u Budvi, a koju je posjetilo oko 25 000 posjetilaca. Organizatori su NVO DIV, GrupoCultural iz Argentine i Prirodnja\u010dki muzej Crne Gore. \u201eCrna Gora u doba mezozoika\u201c je izlo\u017eba na kojoj su predstavljeni originalni fosili organizama koji su u ovom periodu \u017eivjeli na tlu Crne Gore. Kako je Crna Gora najve\u0107i dio mezozoika bila morsko dno, tako izlo\u017eeni fosili predstavljaju paleontolo\u0161ke nalaze morskih organizama, uglavnom beski\u010dmenjaka,\u00a0 koji su nestali zajedno sa dinosaurusima, zna\u010di prije vi\u0161e od 65 miliona godina.<\/p><p>Pripremili smo i interaktivne radionice na temu dinosaurusa, mezozoika, evolucije Zemlje, Patagonije i Argentine\u2026 Na\u0161i najmla\u0111i posjetioci mo\u0107i \u0107e da budu mali paleontolozi i uz pomo\u0107 prikladnih alatki tra\u017ee fosile dinosaurusa koji \u0107e biti sakriveni u pijesku, zatim da crtaju i bojaju dinosauruse, sla\u017eu puzle o dinosaurusima\u2026<\/p><\/div><\/div><\/div><\/div>\n<\/div><\/div><\/div><div id=\"pgc-19-1-1\"  class=\"panel-grid-cell\" ><div id=\"panel-19-1-1-0\" class=\"so-panel widget widget_sow-editor panel-first-child panel-last-child\" data-index=\"2\" ><div\n\t\t\t\n\t\t\tclass=\"so-widget-sow-editor so-widget-sow-editor-base\"\n\t\t\t\n\t\t><h3 class=\"widget-title\">EUROPEAN RESEARCHERS\u2019 NIGHT<\/h3>\n<div class=\"siteorigin-widget-tinymce textwidget\">\n\t<div id=\"text-2\" class=\"widget widget_text\">\u00a0<\/div>\n<div id=\"text-3\" class=\"widget widget_text\">\n<div class=\"textwidget\"><a href=\"http:\/\/ec.europa.eu\/research\/researchersnight\/index_en.htm\"><img loading=\"lazy\" decoding=\"async\" class=\"alignnone size-full wp-image-27\" src=\"https:\/\/festival-nauke.me\/2015\/wp-content\/uploads\/sites\/4\/2016\/08\/ern1.jpg\" alt=\"ern[1]\" width=\"291\" height=\"200\" \/><\/a><\/div>\n<div class=\"textwidget\">Funded by the European Commission's Research and Innovation Framework Programme H2020 (2014-2020) by the Marie Sk\u0142odowska-Curie actions. Directorate-General for Education and Culture. European Commission under Grant Agreement No. 633406<\/div>\n<\/div>\n<\/div>\n<\/div><\/div><\/div><\/div><div id=\"pg-19-2\"  class=\"panel-grid panel-no-style\" ><div id=\"pgc-19-2-0\"  class=\"panel-grid-cell\" ><div id=\"panel-19-2-0-0\" class=\"so-panel widget widget_sow-image panel-first-child panel-last-child\" data-index=\"3\" ><div\n\t\t\t\n\t\t\tclass=\"so-widget-sow-image so-widget-sow-image-default-c67d20f9f743-19\"\n\t\t\t\n\t\t>\n<div class=\"sow-image-container\">\n\t\t<img \n\tsrc=\"https:\/\/festival-nauke.me\/2015\/wp-content\/uploads\/sites\/4\/2016\/08\/ad1.jpg\" width=\"1140\" height=\"161\" srcset=\"https:\/\/festival-nauke.me\/2015\/wp-content\/uploads\/sites\/4\/2016\/08\/ad1.jpg 1140w, https:\/\/festival-nauke.me\/2015\/wp-content\/uploads\/sites\/4\/2016\/08\/ad1-300x42.jpg 300w, https:\/\/festival-nauke.me\/2015\/wp-content\/uploads\/sites\/4\/2016\/08\/ad1-768x108.jpg 768w, https:\/\/festival-nauke.me\/2015\/wp-content\/uploads\/sites\/4\/2016\/08\/ad1-1024x145.jpg 1024w\" sizes=\"(max-width: 1140px) 100vw, 1140px\" alt=\"Pokrivitelji 7, no\u0107i istra\u017eiva\u010da 2015,god,\" \t\tclass=\"so-widget-image\"\/>\n\t<\/div>\n\n<\/div><\/div><\/div><\/div><\/div>","protected":false},"excerpt":{"rendered":"<p>CERN u Crnoj Gori \u2013 \u010cudesni svijet \u010desticaCapital PlazaPriroda nas spajaPrirodnja\u010dki\u00a0 muzej Crne GoreIzlo\u017eba o izlo\u017ebiCrna Gora u doba mezozoikaCentar<a class=\"read-more\" href=\"https:\/\/festival-nauke.me\/2015\/izlozbe\/\"> [&#8230;] \u010citaj dalje <i class=\"la la-long-arrow-right\"><\/i><\/a><\/p>\n","protected":false},"author":1,"featured_media":0,"parent":0,"menu_order":0,"comment_status":"closed","ping_status":"closed","template":"page-templates\/page_front-page.php","meta":{"footnotes":""},"class_list":["post-19","page","type-page","status-publish","hentry"],"_links":{"self":[{"href":"https:\/\/festival-nauke.me\/2015\/wp-json\/wp\/v2\/pages\/19","targetHints":{"allow":["GET"]}}],"collection":[{"href":"https:\/\/festival-nauke.me\/2015\/wp-json\/wp\/v2\/pages"}],"about":[{"href":"https:\/\/festival-nauke.me\/2015\/wp-json\/wp\/v2\/types\/page"}],"author":[{"embeddable":true,"href":"https:\/\/festival-nauke.me\/2015\/wp-json\/wp\/v2\/users\/1"}],"replies":[{"embeddable":true,"href":"https:\/\/festival-nauke.me\/2015\/wp-json\/wp\/v2\/comments?post=19"}],"version-history":[{"count":0,"href":"https:\/\/festival-nauke.me\/2015\/wp-json\/wp\/v2\/pages\/19\/revisions"}],"wp:attachment":[{"href":"https:\/\/festival-nauke.me\/2015\/wp-json\/wp\/v2\/media?parent=19"}],"curies":[{"name":"wp","href":"https:\/\/api.w.org\/{rel}","templated":true}]}}