{"id":11,"date":"2016-08-07T10:41:39","date_gmt":"2016-08-07T08:41:39","guid":{"rendered":"http:\/\/festival-nauke.me\/2015\/?page_id=11"},"modified":"2016-08-08T22:19:13","modified_gmt":"2016-08-08T20:19:13","slug":"eksperimenti","status":"publish","type":"page","link":"https:\/\/festival-nauke.me\/2015\/eksperimenti\/","title":{"rendered":"Eksperimenti"},"content":{"rendered":"<div id=\"pl-11\"  class=\"panel-layout\" ><div id=\"pg-11-0\"  class=\"panel-grid panel-has-style\" ><div class=\"siteorigin-panels-stretch panel-row-style panel-row-style-for-11-0\" data-stretch-type=\"full-stretched\" ><div id=\"pgc-11-0-0\"  class=\"panel-grid-cell\" ><div id=\"panel-11-0-0-0\" class=\"so-panel widget widget_text panel-first-child panel-last-child\" data-index=\"0\" >\t\t\t<div class=\"textwidget\"><div style=\"display: none;\" class=\"crellyslider-slider crellyslider-slider-full-width crellyslider-slider-home crellyslider-1\" id=\"crellyslider-1\">\n<ul>\n<li\nstyle=\"\nbackground-color: transparent;\nbackground-image: url('https:\/\/festival-nauke.me\/2015\/wp-content\/uploads\/sites\/4\/2016\/08\/BG.png');\nbackground-position: center center;\nbackground-repeat: no-repeat;\nbackground-size: cover;\n\n\"\ndata-in=\"fade\"\ndata-ease-in=\"750\"\ndata-out=\"fade\"\ndata-ease-out=\"750\"\ndata-time=\"5000\"\n>\n<img\nclass=\"\"\nsrc=\"https:\/\/festival-nauke.me\/2015\/wp-content\/uploads\/sites\/4\/2016\/08\/ni7.png\"\nalt=\"\"\nstyle=\"\nz-index: 1;\n\n\"\ndata-delay=\"0\"\ndata-ease-in=\"700\"\ndata-ease-out=\"300\"\ndata-in=\"slideRight\"\ndata-out=\"fade\"\ndata-ignore-ease-out=\"0\"\ndata-top=\"0\"\ndata-left=\"0\"\ndata-time=\"all\"\n\/>\n<img\nclass=\"\"\nsrc=\"https:\/\/festival-nauke.me\/2015\/wp-content\/uploads\/sites\/4\/2016\/08\/istrazi1.png\"\nalt=\"\"\nstyle=\"\nz-index: 1;\n\n\"\ndata-delay=\"700\"\ndata-ease-in=\"700\"\ndata-ease-out=\"300\"\ndata-in=\"slideLeft\"\ndata-out=\"fade\"\ndata-ignore-ease-out=\"0\"\ndata-top=\"350\"\ndata-left=\"635\"\ndata-time=\"all\"\n\/>\n<\/li>\n<\/ul>\n<\/div>\n<script type=\"text\/javascript\">\n(function($) {\n$(document).ready(function() {\n$(\"#crellyslider-1\").crellySlider({\nlayout: 'full-width',\nresponsive: 1,\nstartWidth: 1140,\nstartHeight: 400,\nautomaticSlide: 0,\nshowControls: 0,\nshowNavigation: 0,\nenableSwipe: 0,\nshowProgressBar: 0,\npauseOnHover: 0,\nrandomOrder: 0,\nstartFromSlide: 0,\nbeforeStart : function() {},\nbeforeSetResponsive : function() {},\nbeforeSlideStart : function() {},\nbeforePause\t: function() {},\nbeforeResume : function() {},\n});\n});\n})(jQuery);\n<\/script>\n<\/div>\n\t\t<\/div><\/div><\/div><\/div><div id=\"pg-11-1\"  class=\"panel-grid panel-no-style\" ><div id=\"pgc-11-1-0\"  class=\"panel-grid-cell\" ><div id=\"panel-11-1-0-0\" class=\"so-panel widget widget_sow-editor panel-first-child panel-last-child\" data-index=\"1\" ><div\n\t\t\t\n\t\t\tclass=\"so-widget-sow-editor so-widget-sow-editor-base\"\n\t\t\t\n\t\t>\n<div class=\"siteorigin-widget-tinymce textwidget\">\n\t<div id=\"content\"><div id=\"post-20\" class=\"post-20 page type-page status-publish hentry\"><div class=\"post-content\"><h3>EKSPERIMENTI\u00a0U\u017dIVO\u00a0<\/h3><h3>12:00 \u2013 18:00h<\/h3><h4>PRONA<\/h4><p><strong>\u010cUDESNI SVIJET MATEMATIKE<\/strong><\/p><p>Zavolite nauku, razbijte predrasude o matematici! Zabavite se rje\u0161avaju\u0107i mozgalice, zagonetke, pitalice, kvizove\u2026 Saznajte \u0161ta je zajedni\u010dko matematici, umjetnosti i filozofiji; koliko je Leonardo Da Vin\u010di koristio matematiku u svom radu, kao i \u0161ta je to Fibona\u010dijev niz.<\/p><p><strong><em>DIGITALNA FONTANA \u2013 <\/em><\/strong><strong>VIZUELNI PRIKAZ LJEPOTE GRAVITACIJE I SVJETLOSTI<\/strong><br \/>Upoznajte mo\u0107 i fleksibilnost savremene programirane elektronike. Ne propustite jedinstvenu priliku da vidite <em>prevrnutu fontanu<\/em>. U ovoj fontani sopstvena gravitacija Zemlje poma\u017ee u crtanju jedinstvene i neponovljive vodene slike. Posmatrajte igru svjetlosti u vodenim strujama\u00a0 i kako se od osnovnih boja dobijaju nijanse koje god po\u017eelite.<\/p><p><strong>FIZIKA JE LIJEPA<\/strong><\/p><p>Kada posmatramo svijet oko sebe, u mislima nam je mnogo pitanja. Ako krenemo u potragu za odgovorima, upozna\u0107emo jo\u0161 jedan svijet \u2013 \u010dudesni svijet fizike. Kako natjerati svje\u0107ice da ple\u0161u u ritmu muzike? Kako izmjeriti udaljenost nekog objekta pomo\u0107u ultrazvu\u010dnog senzora? \u0160ta su zapravo munje koje je Tesla stvarao i da li su opasne kao \u0161to izgledaju? Kako upaliti sijalicu pomo\u0107u limuna? Pored odgovora na ova i mnoga druga pitanja, vidje\u0107ete i \u010duti note od stakla; tu je i struja koja di\u017ee kosu na glavi, sijalica od grafita, elektromagnetni top i drugi eksperimenti koji \u0107e vas uvesti kroz vrata \u010dudesnog svijeta fizike.<\/p><p><strong>ASTRONOMIJA JE SVUDA OKO NAS- OTKRIJ ASTRONOMA U SEBI!<\/strong><\/p><p>Evo prilike da upoznate astronomske fenomene.\u00a0 Obogatite svoje znanje kroz razgovor o kosmosu. Posmatrate\u00a0 nebeske objekte kroz teleskop i u\u017eivajte u izvo\u0111enju eksperimenata.<\/p><p><strong>BIOLOGIJA KROZ IGRU<\/strong><\/p><p>Upoznajte svijet biologije kroz igru! \u017delite da saznate \u0161ta je pjenu\u0161ava krv i odredite\u00a0 Va\u0161u krvnu grupu? Upoznajte se sa gra\u0111om \u0107elije i otkrijte magi\u010dni svijet mikroskopiranja. Uvjerite se da li je Va\u0161e oko savr\u0161eno ili Vas ponekad vara. Nau\u010dite vi\u0161e o DNK i izolujte je.<\/p><p><strong>KAKO SE \u017dIVA BI\u0106A BRANE- HEMIJA NA DJELU<\/strong><\/p><p>Ako ste se nekad zapitali, ovo je prilika da saznate\u2026 kako funkcioni\u0161u hemijski principi odbrane pojedinih \u017eivih bi\u0107a. Pored toga, vidje\u0107ete kako se hemijski odre\u0111uju supstance otrovne po \u010dovjeka (toksi\u010dni proteini, kiseline i sl.) i kako zmijski otrov djeluje na krv.<\/p><h4>PRIRODNJA\u010cKI MUZEJ CRNE GORE<\/h4><p><strong>\u017dIVI SVIJET KROZ LUPU ISTRA\u017dIVA\u010cA<\/strong><\/p><p>Posmatrajte uveli\u010dane djelove cvijeta, gra\u0111u insekata, gra\u0111u \u0161e\u0161ira i spore kod pe\u010duraka, gra\u0111u beski\u010dmenjaka i gra\u0111u morskih algi! Uz asistenciju kustosa poga\u0111ajte koji ste dio vidjeli, kako se ta\u010dno zove i kona\u010dno kako se zove vrsta biljke, alge ili \u017eivotinje koju posmatrate. Kao dio postavke predvi\u0111ene su i puzle sa motivima iz prirode, koje \u0107e posjetioci mo\u0107i da sla\u017eu do dobijanja kona\u010dne slike. Ukoliko \u017eelite da zavirite u\u00a0 svijet biologije, ne propustite\u00a0 postavku i priliku da u\u010destvujete u kvizu sa pitanjima iz ove oblasti.<\/p><h4>FESTIVAL\u00a0 NAUKE \u2013 BEOGRAD<\/h4><p><strong>NA\u0160A MALA KUHINJA<\/strong><\/p><p>Ponovo se igramo nauke! Uz pomo\u0107 nekih obi\u010dnih stvari koje mo\u017eemo prona\u0107i u svakoj kuhinji izvodi\u0107emo zajedno neke sasvim neobi\u010dne eksperimente. Neki \u0107e biti toliko neobi\u010dni da \u0107e podsje\u0107ati na magiju iz knjiga o Hariju Poteru! Nijeste ni sanjali \u0161ta se sve mo\u017ee uraditi uz pomo\u0107 mikrotalasne pe\u0107nice, sir\u0107eta, lijepaka za papir, crvenog kupusa, sode bikarbona ili kuvanih jaja. Poslije ove <em>No\u0107i istra\u017eiva\u010da<\/em>, neke namirrnice gleda\u0107ete na potpuno druga\u010diji na\u010din.<\/p><h4>JU O\u0160 ,,RADOJICA PEROVI\u0106\u201c<\/h4><p><strong>DA LI NAS O\u010cI VARAJU?<\/strong><\/p><p>Opti\u010dka iluzija je pojava (obmana), da \u010dovjek vidi ne\u0161to \u0161to u stvarnosti nije tako. Kroz interaktivne opti\u010dke iluzije posmatra\u010d vidi kretanje slika koje zapravo miruju. Opti\u010dke iluzije su iskori\u0161tene u ranim fazama stvaranja filma uz pomo\u0107 aparata fenakistoskopa, ciklotropa i zoetropa. Posjetioci \u0107e imati priliku da sa prezenterima upoznaju, osmisle, kreiraju i demonstriraju rad opti\u010dkih iluzija, naprave fenakistoskop, ciklotrop i zoetrop.<\/p><h4>NVO \u201eINOVATOR\u201c \u2013 KOLA\u0160IN<\/h4><p><strong>POKRETNA KRILCA ZA SMANJENJE NE\u017dELJENIH KRETANJA BRODA<\/strong><\/p><p>Pogledajte sistem koji omogu\u0107ava da se prilikom glisiranja broda, preko jednog ili vi\u0161e pokretnih krilaca, postavljenih u zoni pramca broda, vr\u0161i automatska regulacija i smanjenje brzine podizanja i spu\u0161tanja pramca broda, u odnosu na stanje kada tog sistema ne bi bilo.<\/p><p>Tako\u0111e, saznajte kako nosa\u010d pokretnih krilaca razbija talase i omogu\u0107ava da trup broda nailazi na vodu koja ima mirniju povr\u0161inu nego u slu\u010daju kada se to razbijanje talasa ne bi doga\u0111alo.<\/p><h4>IAESTE (International Assotiation for the Exchange of Students for Technical Experience)<\/h4><p><strong>PUTUJ, SAZNAJ I ZARADI<\/strong><\/p><p>IAESTE (International Assotiation for the Exchange of Students for Technical Experience) je nevladina organizacija koja se bavi me\u0111unarodnom razmjenom studenata radi prakti\u010dnog usavr\u0161avanja. Ovo je jedinstvena prilika za crnogorske studente da otputuju u drugu zemlju, upoznaju druge kulture, sklope brojna prijateljstva i pristojno zarade rade\u0107i kao praktikanti za svjetski poznate brendove. Ne propustite \u0161ansu da posjetite postavku, upoznate rad organizacije, njenu misiju i cilj djelovanja.<\/p><h4>INSTITUT VIN\u010cA \u2013 BEOGRAD, SRBIJA<\/h4><p><strong>KAKO <\/strong><strong>\u010cOVJEK \u201ePRIPITOMLJAVA\u201c I KORISTI SVJETLOST ZA SVOJE POTREBE?<\/strong><\/p><p>Koliko je va\u017eno razvijanje svijesti o konceptu odr\u017eivog razvoja i preventivne zdravstvene za\u0161tite? Prisustvujte na\u0161im eksperimentima i saznajte da li je mogu\u0107e zadovoljiti osnovne\u00a0 ljudske potrebe koriste\u0107i iskustva i znanja o \u201epripitomljavanju\u201d i transformaciji svjetlosti.<\/p><h4>DEJAN TODOROVI\u0106<\/h4><p><strong>SCRATCH<\/strong><\/p><p>Vjerujete li da programiranje mo\u017eete razumjeti kroz igricu? Kroz op\u0161tepoznatu igru \u201e\u010ca\u0161ice\u201c pribli\u017ei\u0107emo vam programske jezike. Osim toga, ima\u0107ete priliku da nau\u010dite kako na jednostavan na\u010din unaprijediti postoje\u0107u igricu ili napraviti svoju. Ukoliko se prvi put susrije\u0107ete sa programiranjem, <em>Scratch <\/em>ne smijete propustiti!<\/p><h4>O\u0160 \u201cPAVLE ROVINSKI\u201d \u2013 PODGORICA<\/h4><p><strong>LEGO ROBOT<\/strong><\/p><p>Upoznajte bli\u017ee robot <em>50 nijansi LEGO,<\/em> napravaljen za potrebe First Lego League takmi\u010denja. Sastavljen je od dva servo i dva motora srednje veli\u010dine koji su povezani sa centralnom jedinicom \u2013 EV3 pametnom kutijom. Senzori omogu\u0107avaju boje i svjetlost sakrivene u oklopu. Glavna funkcija oklopa je da \u0161titi elektornske komponente od o\u0161te\u0107enja. Robot se kre\u0107e isklju\u010divo pomo\u0107u programa koji je napravljen na ra\u010dunaru.<\/p><h4>MA\u0160INSKI\u00a0 FAKULTET, UCG\u00a0 I\u00a0 NU \u201cNAUKA I TEHNIKA \u2013 NIT\u201d \u2013 PODGORICA<\/h4><p><strong>MOBILNI ROBOT PUCKMAN<\/strong><\/p><p>Upoznajte robota koji nam sti\u017ee direktno sa svjetskih takmi\u010denja. Puckman je autonomni mobilni robot dizajniran da obavlja odre\u0111eni zadatak, odnosno da sakuplja diskove odre\u0111ene boje, koje treba da odlo\u017ei u svoju bazu (skladi\u0161te). U izradi robota kori\u0161\u0107eni su Tetrix mehani\u010dki djelovi, motori (servo i DC) i kontroleri za motore. Upravlja\u010dka jedinica je Lego NXT, a kori\u0161\u0107eni senzori su tako\u0111e iz programa Lego Education. Ne propustite ovu inovativnu postavku i priliku da robota sami pustite u rad!<\/p><p><strong>MOBILNI ROBOT YUGO<\/strong><\/p><p>YUGO se sastoji od\u00a0 HighTech servo motora, Arduino Uno i Arduino Mega kontrolera, senzora daljine i senzora boje. Studenti, \u00a0koji su u najve\u0107em dijelu sami izradili djelove, su sa ovim robotom ve\u0107 dva puta u\u010destvovali na renomiranom svjetskom takmi\u010denju iz robotike.<\/p><h4>RADIO KLUB\u00a0 \u201ePODGORICA\u201c \u00a0\u00a0<\/h4><p><strong>SKLAPANJE RADIO PRIJEMNIKA<\/strong><\/p><p>Radio klub Podgorica ve\u0107 vi\u0161e od \u0161ezdeset godina djeluje s uspjehom i broji veliko \u010dlanstvo.\u00a0 Saznajte od \u010dlanova sekcije za klasi\u010dne radio komunikacije kako se sklapa jedinstveni radio prijemnik za prijem signala lokalnih radio stanica.<\/p><h4>SREDNJA MJE\u0160OVITA \u0160KOLA \u201cMLADOST\u201d \u2013 TIVAT<\/h4><p><strong>ZA\u0160TITA ELEKTRI\u010cNOG \u0160PORETA<\/strong><\/p><p>Kako iskoristiti nauku za za\u0161titu ljudi i okoline, saznajte kroz nagra\u0111ivani projekat \u201dZa\u0161tita elektri\u010dnog \u0161poreta\u201d. Ovaj izum \u0161titi od pogre\u0161nog uklju\u010divanja ili po\u017eara, tako \u0161to senzor reaguje na ne\u0161to \u0161to nije dno \u0161erpe ili d\u017eezve. U svim drugim slu\u010dajevima, zvuk i lampica upozorava\u0107e na gre\u0161ku.<\/p><h4>NU INSTITUT ASTRONAUTIKE I RAKETNE TEHNIKE, PODGORICA<\/h4><p><strong>Astronautika i raketna tehnika \u2013 generator naprednih tehnologija i istra\u017eivanja<\/strong><\/p><p>Raketni pogon je jedini oblik kori\u0161\u0107enja energije koji omogu\u0107ava letove u orbitu Zemlje i u prostore van uticaja njenog gravitacionog podru\u010dja. Nauka je prvo morala rije\u0161iti taj zadatak da bi se ostvarila istra\u017eivanja vasione. NU Institut Astronautike i raketne tehnike \u0107e na manifestaciji \u201dNo\u0107 Istra\u017eiva\u0107a\u201d prikazati principe raketnog pogona (Njutnovi zakoni) na primjerima, demonstrirati proizvodnju raketnog goriva, prikazati konstrukciju i funkciju raketnih motora, konstrukciju i izradu raketa i njihovih komponenti. \u00a0U\u010destvujte u tim procesima pod kontrolom instruktora NU Institut Astronautike i raketne tehnike!<\/p><h4>MONTENEGRO GUIDE \u2013 HERCEG NOVI<\/h4><p><strong>VIRTUELNI KOTOR<\/strong><\/p><p>Ne propustite svojevrsnu virtuelnu verziju grada iz 19. vijeka! Virtuelni Kotor je projekat grada Kotora u 3D modelu. Pomo\u0107u Oculus Rift ure\u0111aja, mo\u017eete u potpunosti \u201du\u0107i\u201d u 3D model i do\u017eivjeti nevjerovatan osje\u0107aj kretanja kroz virtuelnu stvarnost. Virtuelni prolazak kroz grad, na kolima sa zapregom, daje vam mogu\u0107nost da iz autenti\u010dne perspektive posmatrate cjelokupan vidokrug, kao \u0161to bi mogli u realnosti, okre\u0107u\u0107i se oko sebe za 360 stepeni ili prema odre\u0111enoj ta\u010dki intresovanja. Obilazak je pra\u0107en glasom vodi\u010da koji daje poja\u0161njenja o pojedinim gra\u0111evinama, trgovima ili istoriji i kulturi grada. U okviru osmominutne \u201dvo\u017enje\u201d, osjeti\u0107ete nevjerovatan do\u017eivljaj prolaska kroz virtuelnu stvarnost i na inovativan na\u010din saznati ne\u0161to o Kotoru, ne samo kroz sliku i rije\u010d, ve\u0107 kroz uvjerljiv osje\u0107aj prolaska kroz njega.<\/p><h4>ZAVOD ZA METROLOGIJU CRNE GORE<\/h4><p><strong>\u201cPOUZDANI, ME\u0110UNARODNO PREPOZNATI MJERNI SISTEM PODSTI\u010cE KOMPETITIVNOST I INOVACIJE\u201d<\/strong><\/p><p>U okviru postavke Zavoda za metrologiju posjetiocima \u0107e se demonstrirati osnovna mjerenja pojedinih fizi\u010dkih veli\u010dina. Pogledajte opremu kojom raspola\u017ee Zavod iz oblasti metrologije elektri\u010dnih veli\u010dina, metrologije vremena i frekvencije, metrologije du\u017eine, metrologije pritiska i\u00a0 metrologije mase.<\/p><h4>VIATSKI DR\u017dAVNI UNIVERZITET, KIROV, RUSIJA<\/h4><p><strong>Ples robota, fudbal robota, sumo rvanje robota<\/strong><\/p><p>Posmatrajte modele domac\u0301ih robota koji mogu da ple\u0161u, igraju fudbal i takmi\u010de se u sumo rvanju!<\/p><h4>D.O.O. M \u2013 CODE \u2013 DANILOVGRAD<\/h4><p><strong>KORI\u0160\u0106ENJE UAV SISTEMA (DRONOVA) ZA MAPIRANJE I 3D MODELOVANJE TERENA<\/strong><\/p><p>Posjetiocima \u0107e biti prezentirani jednostavni algoritmi na osnovu kojih se iz snimljenog foto materijala mo\u017ee izvr\u0161iti detekcija 3D oblika, kao i generisanje ortogonalnih fotografija.<\/p><h4>EVROPSKO UDRU\u017dENJE STUDENATA ELEKTROTEHNIKE<\/h4><p><strong>POWER YOUR FUTURE<\/strong><\/p><p>Upoznajte rad studentske organizacije EESTEC a posebno rad lokalnog komiteta u Podgorici. Kroz prezentacije i radove \u010dlanova organizacije saznajte o mogu\u0107nostima koje \u010dlanstvo\u00a0 pru\u017ea. Posjetioci \u0107e imati priliku da sami upravljaju nekim od predstavljenih\u00a0 radova (detektor sjenke, senzor pokreta, ruka \u2013 robot) i iz prve ruke saznaju utiske \u010dlanova koji su u\u010destvovali na razmjenama i radionicama \u0161irom Evrope.<\/p><h4>O\u0160 ,,SUTJESKA\u201d \u2013 PODGORICA<\/h4><p><strong>\u017dIVOT<\/strong><\/p><p>Ne propustite priliku da upoznate na\u010din funkcionisanja ljudskog organizma od disanja do krvotoka. Posmatrajte primjenu povr\u0161inskog napona za kretanje kod insekata i primjenu reaktivnog pogona za kretanje kod larvi insekata. Pogledajte kako izgleda \u017eivot u bari, \u017eivot u mravinjaku, kretanje po staklu i kretanje pu\u017ea po \u017eiletu. Saznajte kako funkcioni\u0161u \u017eivot u kapljici barske vode i disanje ispod povr\u0161ine vode. Postavka pokazuje i evoluciju na djelu, zbirku \u0161koljki, insektarijum\u2026<\/p><h4>O\u0160 \u201eANTO \u0110EDOVI\u0106\u201c, BAR<\/h4><p><strong>Lego robot<\/strong><\/p><p>Model LEGO robota sa kojim mo\u017eete da intereagujete uz pomo\u0107 daljinskog upravlja\u010da! Robot ima senzore i mo\u017ee se kretati du\u017e linije razli\u010ditim brzinama u zavisnosti od boje linije.<strong>\u00a0<\/strong><\/p><h4>MINISTARSTVO NAUKE CRNE GORE<\/h4><p><strong>Evropski ugao \u2013 va\u0161 vodi\u010d kroz EU programe nau\u010dne saradnje<\/strong><\/p><p><strong>(Paviljon i zgrada Rektorata UCG)<\/strong><\/p><p>Saznajte vi\u0161e o EU nau\u010dnim programima koji pru\u017eaju podr\u0161ku istra\u017eiva\u010dima i promovi\u0161u istra\u017eivanja \u0161irom Evrope. O\u010dekuju vas informacije o Okvirnom programu za istra\u017eivanje i inovacije \u201eHorizont 2020\u201c, Marija Sklodowska Kiri akcijama, programu EUREKA i COST akcijama.<\/p><h4>SS\u0160 \u201eSPASOJE RASPOPOVI\u0106\u201c PODGORICA<\/h4><p><strong>HEMIJSKI KOKTEL<\/strong><\/p><p>Ogledi: Slonova pasta za zube, duh iz boce, he\u00admijski kameleon, hemijska krv, hemijski semafor, Mlje\u010dni put, jodni sat, vatromet, pjena. Ima\u0107ete priliku da grickate i sami pravite zdrav \u010dips, od jabuke. Na samom \u0161tandu se odvija i proizvod\u00adni postupak u su\u0161nicama za dobijanje organskih proizvoda od jabuke.<\/p><\/div><\/div><\/div><\/div>\n<\/div><\/div><\/div><div id=\"pgc-11-1-1\"  class=\"panel-grid-cell\" ><div id=\"panel-11-1-1-0\" class=\"so-panel widget widget_sow-editor panel-first-child panel-last-child\" data-index=\"2\" ><div\n\t\t\t\n\t\t\tclass=\"so-widget-sow-editor so-widget-sow-editor-base\"\n\t\t\t\n\t\t><h3 class=\"widget-title\">EUROPEAN RESEARCHERS\u2019 NIGHT<\/h3>\n<div class=\"siteorigin-widget-tinymce textwidget\">\n\t<div id=\"text-2\" class=\"widget widget_text\">\u00a0<\/div>\n<div id=\"text-3\" class=\"widget widget_text\">\n<div class=\"textwidget\"><a href=\"http:\/\/ec.europa.eu\/research\/researchersnight\/index_en.htm\"><img loading=\"lazy\" decoding=\"async\" class=\"alignnone wp-image-27 size-full\" src=\"https:\/\/festival-nauke.me\/2015\/wp-content\/uploads\/sites\/4\/2016\/08\/ern1.jpg\" alt=\"ern[1]\" width=\"291\" height=\"200\" \/><\/a><\/div>\n<div class=\"textwidget\">Funded by the European Commission's Research and Innovation Framework Programme H2020 (2014-2020) by the Marie Sk\u0142odowska-Curie actions. Directorate-General for Education and Culture. European Commission under Grant Agreement No. 633406<\/div>\n<\/div>\n<\/div>\n<\/div><\/div><\/div><\/div><div id=\"pg-11-2\"  class=\"panel-grid panel-no-style\" ><div id=\"pgc-11-2-0\"  class=\"panel-grid-cell\" ><div id=\"panel-11-2-0-0\" class=\"so-panel widget widget_sow-image panel-first-child panel-last-child\" data-index=\"3\" ><div\n\t\t\t\n\t\t\tclass=\"so-widget-sow-image so-widget-sow-image-default-c67d20f9f743-11\"\n\t\t\t\n\t\t>\n<div class=\"sow-image-container\">\n\t\t<img \n\tsrc=\"https:\/\/festival-nauke.me\/2015\/wp-content\/uploads\/sites\/4\/2016\/08\/ad1.jpg\" width=\"1140\" height=\"161\" srcset=\"https:\/\/festival-nauke.me\/2015\/wp-content\/uploads\/sites\/4\/2016\/08\/ad1.jpg 1140w, https:\/\/festival-nauke.me\/2015\/wp-content\/uploads\/sites\/4\/2016\/08\/ad1-300x42.jpg 300w, https:\/\/festival-nauke.me\/2015\/wp-content\/uploads\/sites\/4\/2016\/08\/ad1-768x108.jpg 768w, https:\/\/festival-nauke.me\/2015\/wp-content\/uploads\/sites\/4\/2016\/08\/ad1-1024x145.jpg 1024w\" sizes=\"(max-width: 1140px) 100vw, 1140px\" alt=\"Pokrivitelji 7, no\u0107i istra\u017eiva\u010da 2015,god,\" \t\tclass=\"so-widget-image\"\/>\n\t<\/div>\n\n<\/div><\/div><\/div><\/div><\/div>","protected":false},"excerpt":{"rendered":"<p>EKSPERIMENTI\u00a0U\u017dIVO\u00a012:00 \u2013 18:00hPRONA\u010cUDESNI SVIJET MATEMATIKEZavolite nauku, razbijte predrasude o matematici! Zabavite se rje\u0161avaju\u0107i mozgalice, zagonetke, pitalice, kvizove\u2026 Saznajte \u0161ta je<a class=\"read-more\" href=\"https:\/\/festival-nauke.me\/2015\/eksperimenti\/\"> [&#8230;] \u010citaj dalje <i class=\"la la-long-arrow-right\"><\/i><\/a><\/p>\n","protected":false},"author":1,"featured_media":0,"parent":0,"menu_order":0,"comment_status":"closed","ping_status":"closed","template":"page-templates\/page_front-page.php","meta":{"footnotes":""},"class_list":["post-11","page","type-page","status-publish","hentry"],"_links":{"self":[{"href":"https:\/\/festival-nauke.me\/2015\/wp-json\/wp\/v2\/pages\/11","targetHints":{"allow":["GET"]}}],"collection":[{"href":"https:\/\/festival-nauke.me\/2015\/wp-json\/wp\/v2\/pages"}],"about":[{"href":"https:\/\/festival-nauke.me\/2015\/wp-json\/wp\/v2\/types\/page"}],"author":[{"embeddable":true,"href":"https:\/\/festival-nauke.me\/2015\/wp-json\/wp\/v2\/users\/1"}],"replies":[{"embeddable":true,"href":"https:\/\/festival-nauke.me\/2015\/wp-json\/wp\/v2\/comments?post=11"}],"version-history":[{"count":0,"href":"https:\/\/festival-nauke.me\/2015\/wp-json\/wp\/v2\/pages\/11\/revisions"}],"wp:attachment":[{"href":"https:\/\/festival-nauke.me\/2015\/wp-json\/wp\/v2\/media?parent=11"}],"curies":[{"name":"wp","href":"https:\/\/api.w.org\/{rel}","templated":true}]}}