{"id":34,"date":"2016-08-15T21:03:20","date_gmt":"2016-08-15T19:03:20","guid":{"rendered":"http:\/\/festival-nauke.me\/2012\/?page_id=34"},"modified":"2016-08-15T21:08:36","modified_gmt":"2016-08-15T19:08:36","slug":"istrazi-i-pronadi-se","status":"publish","type":"page","link":"https:\/\/festival-nauke.me\/2012\/istrazi-i-pronadi-se\/","title":{"rendered":"Istra\u017ei i prona\u0111i se!"},"content":{"rendered":"<div id=\"pl-34\"  class=\"panel-layout\" ><div id=\"pg-34-0\"  class=\"panel-grid panel-no-style\" ><div id=\"pgc-34-0-0\"  class=\"panel-grid-cell\" ><div id=\"panel-34-0-0-0\" class=\"so-panel widget widget_sow-editor panel-first-child\" data-index=\"0\" ><div class=\"panel-widget-style panel-widget-style-for-34-0-0-0\" ><div\n\t\t\t\n\t\t\tclass=\"so-widget-sow-editor so-widget-sow-editor-base\"\n\t\t\t\n\t\t><h3 class=\"widget-title\">Istra\u017ei i prona\u0111i se!<\/h3>\n<div class=\"siteorigin-widget-tinymce textwidget\">\n\t<p><strong><em>U 32 evropske zemlje i 320 gradova, o\u010di u o\u010di s istra\u017eiva\u010dima<\/em><\/strong><\/p>\n<p>\u00a0 \u00a0 No\u0107 istra\u017eiva\u010da je doga\u0111aj koji se tradicionalno odr\u017eava poslednjeg petka u septembru u 32 zemlje i u preko 320 gradova Evrope. Podgorica je ve\u0107 \u010detvrti put jedan od njih.<\/p>\n<p>I ove godine u No\u0107i istra\u017eiva\u010da de\u0161ava\u0107e se mnogo toga zanimljivog za sve generacije: eksperimenti, performansi, otvorene laboratorije, istra\u017eiva\u010dki izleti, nau\u010dne tribine, debate, nau\u010dni kafe.<\/p>\n<p>Uz doma\u0107e istra\u017eiva\u010de i nau\u010dnike, kao i one koji \u0107e to tek postati, bi\u0107e sa nama i prijatelji iz regiona: iz beogradskog Centra za promociju nauke, Instituta za nuklearne nauke \u201eVin\u010da\u201c u Beogradu, kao i iz Estonije, iz Tartuua, svjetskog glavnog grada fizike.<\/p>\n<p>Atraktivan, originalan i \u010desto zabavan na\u010din predstavljanja nauke uvijek budi radoznalost i privla\u010di veliki broj posjetilaca, posebno mladih. Prezentacije koje omogu\u0107avaju ne samo posmatranje nekog fenomena iz nau\u010dne ili tehnolo\u0161ke oblasti, ve\u0107 kompletan do\u017eivljaj, \u010dulni i saznajni, kroz neposredno u\u010de\u0161\u0107e u eksperimentu \u2013 donose nezaboravna iskustva, a ponekad odrede ili potvrde \u017eivotni put.<\/p>\n<\/div>\n<\/div><\/div><\/div><div id=\"panel-34-0-0-1\" class=\"so-panel widget widget_sow-editor panel-last-child\" data-index=\"1\" ><div class=\"panel-widget-style panel-widget-style-for-34-0-0-1\" ><div\n\t\t\t\n\t\t\tclass=\"so-widget-sow-editor so-widget-sow-editor-base\"\n\t\t\t\n\t\t>\n<div class=\"siteorigin-widget-tinymce textwidget\">\n\t<h5 style=\"text-align: center;\">Prijatelji festivala:<\/h5>\n<p><img alt=\"Istra\u017ei i prona\u0111i se!\" loading=\"lazy\" decoding=\"async\" class=\"wp-image-16 size-full aligncenter\" src=\"https:\/\/festival-nauke.me\/2012\/wp-content\/uploads\/sites\/6\/2016\/08\/prijetelji1-e1348740842129.png\" width=\"690\" height=\"276\" srcset=\"https:\/\/festival-nauke.me\/2012\/wp-content\/uploads\/sites\/6\/2016\/08\/prijetelji1-e1348740842129.png 690w, https:\/\/festival-nauke.me\/2012\/wp-content\/uploads\/sites\/6\/2016\/08\/prijetelji1-e1348740842129-300x120.png 300w\" sizes=\"auto, (max-width: 690px) 100vw, 690px\" \/><\/p>\n<\/div>\n<\/div><\/div><\/div><\/div><div id=\"pgc-34-0-1\"  class=\"panel-grid-cell\" ><div id=\"panel-34-0-1-0\" class=\"so-panel widget widget_sow-editor panel-first-child panel-last-child\" data-index=\"2\" ><div class=\"panel-widget-style panel-widget-style-for-34-0-1-0\" ><div\n\t\t\t\n\t\t\tclass=\"so-widget-sow-editor so-widget-sow-editor-base\"\n\t\t\t\n\t\t>\n<div class=\"siteorigin-widget-tinymce textwidget\">\n\t<h5 style=\"text-align: center;\">Organizatori:<\/h5>\n<p><img loading=\"lazy\" decoding=\"async\" class=\"size-full wp-image-10 aligncenter\" src=\"https:\/\/festival-nauke.me\/2012\/wp-content\/uploads\/sites\/6\/2016\/08\/13139543133.png\" alt=\"13139543133\" width=\"191\" height=\"78\" \/><\/p>\n<p><img loading=\"lazy\" decoding=\"async\" class=\"size-full wp-image-11 aligncenter\" src=\"https:\/\/festival-nauke.me\/2012\/wp-content\/uploads\/sites\/6\/2016\/08\/LogoMinNauke-e1348644090679.png\" alt=\"LogoMinNauke-e1348644090679\" width=\"184\" height=\"147\" \/><\/p>\n<p><img loading=\"lazy\" decoding=\"async\" class=\"size-full wp-image-12 aligncenter\" src=\"https:\/\/festival-nauke.me\/2012\/wp-content\/uploads\/sites\/6\/2016\/08\/prirodnjackim-e1348650176942.png\" alt=\"prirodnjackim-e1348650176942\" width=\"191\" height=\"148\" \/><\/p>\n<h5 style=\"text-align: center;\">Pokrovitelji:<\/h5>\n<p><img loading=\"lazy\" decoding=\"async\" class=\"size-full wp-image-14 aligncenter\" src=\"https:\/\/festival-nauke.me\/2012\/wp-content\/uploads\/sites\/6\/2016\/08\/EU-logo-e1348646069944.gif\" alt=\"EU-logo-e1348646069944\" width=\"191\" height=\"197\" \/><\/p>\n<p><img loading=\"lazy\" decoding=\"async\" class=\"size-full wp-image-15 aligncenter\" src=\"https:\/\/festival-nauke.me\/2012\/wp-content\/uploads\/sites\/6\/2016\/08\/Logo_Marie-Curie-e1348646172804.jpg\" alt=\"Logo_Marie-Curie-e1348646172804\" width=\"191\" height=\"185\" \/><\/p>\n<\/div>\n<\/div><\/div><\/div><\/div><\/div><\/div>","protected":false},"excerpt":{"rendered":"<p>U 32 evropske zemlje i 320 gradova, o\u010di u o\u010di s istra\u017eiva\u010dima\u00a0 \u00a0 No\u0107 istra\u017eiva\u010da je doga\u0111aj koji se tradicionalno<a class=\"read-more\" href=\"https:\/\/festival-nauke.me\/2012\/istrazi-i-pronadi-se\/\"> [&#8230;] \u010citaj dalje <i class=\"la la-long-arrow-right\"><\/i><\/a><\/p>\n","protected":false},"author":1,"featured_media":0,"parent":0,"menu_order":0,"comment_status":"closed","ping_status":"closed","template":"page-templates\/page_front-page.php","meta":{"footnotes":""},"class_list":["post-34","page","type-page","status-publish","hentry"],"_links":{"self":[{"href":"https:\/\/festival-nauke.me\/2012\/wp-json\/wp\/v2\/pages\/34","targetHints":{"allow":["GET"]}}],"collection":[{"href":"https:\/\/festival-nauke.me\/2012\/wp-json\/wp\/v2\/pages"}],"about":[{"href":"https:\/\/festival-nauke.me\/2012\/wp-json\/wp\/v2\/types\/page"}],"author":[{"embeddable":true,"href":"https:\/\/festival-nauke.me\/2012\/wp-json\/wp\/v2\/users\/1"}],"replies":[{"embeddable":true,"href":"https:\/\/festival-nauke.me\/2012\/wp-json\/wp\/v2\/comments?post=34"}],"version-history":[{"count":0,"href":"https:\/\/festival-nauke.me\/2012\/wp-json\/wp\/v2\/pages\/34\/revisions"}],"wp:attachment":[{"href":"https:\/\/festival-nauke.me\/2012\/wp-json\/wp\/v2\/media?parent=34"}],"curies":[{"name":"wp","href":"https:\/\/api.w.org\/{rel}","templated":true}]}}