{"id":30,"date":"2016-08-15T12:43:39","date_gmt":"2016-08-15T10:43:39","guid":{"rendered":"http:\/\/festival-nauke.me\/2012\/?page_id=30"},"modified":"2016-08-15T12:43:39","modified_gmt":"2016-08-15T10:43:39","slug":"srednjoskolci-istrazuju","status":"publish","type":"page","link":"https:\/\/festival-nauke.me\/2012\/srednjoskolci-istrazuju\/","title":{"rendered":"Srednjo\u0161kolci istra\u017euju"},"content":{"rendered":"<div id=\"pl-30\"  class=\"panel-layout\" ><div id=\"pg-30-0\"  class=\"panel-grid panel-no-style\" ><div id=\"pgc-30-0-0\"  class=\"panel-grid-cell\" ><div id=\"panel-30-0-0-0\" class=\"so-panel widget widget_sow-editor panel-first-child\" data-index=\"0\" ><div class=\"panel-widget-style panel-widget-style-for-30-0-0-0\" ><div\n\t\t\t\n\t\t\tclass=\"so-widget-sow-editor so-widget-sow-editor-base\"\n\t\t\t\n\t\t><h3 class=\"widget-title\">Srednjo\u0161kolci istra\u017euju<\/h3>\n<div class=\"siteorigin-widget-tinymce textwidget\">\n\t<p><strong>(Nau\u010dni kafe) <\/strong><strong>Karver, 20.00 \u2013 22.00 h<\/strong><\/p>\n<p><strong>Dr Gojko \u010celebi\u0107<\/strong>, <em>Jelo<\/em><em> i pi\u0107e kod Njego\u0161a<\/em><\/p>\n<p>Uvodno predavanje koje ima za predmet pomene i figuraciju jela i pi\u0107a u Njego\u0161evom djelu, posebno u \u201cGorskom vijencu\u201d. Ishrana, ono \u0161to je za nju vezano u pogledu svakodnevnog \u017eivota u Crnoj Gori XVIII i XIX vijeka, pru\u017ea nam sliku Njego\u0161evog svijeta donekle druga\u010diju od uobi\u010dajene, tradicionalne, herojsko-metafizi\u010dke slike.<\/p>\n<p>Jelo i pi\u0107e u narodnoj i narodnja\u010dkoj, karnevalskoj prizmi obi\u010dnog \u010dovjeka i njegovog obi\u010dnog svijeta, otkriva nam dijalektiku konkretnog i u \u017eivotu pjesnika i u \u017eivotu naroda koji ga je rodio: tok obi\u010dnog dana i obi\u010dne no\u0107i, fizi\u010dku sliku postojanja, obi\u010daja, naizgled jednostavnu a u stvari tajnovitu sliku \u017eivota unutar tijela i unutar neprekidno pulsiraju\u0107eg kolektivnog organizma.<\/p>\n<p>Ono \u0161to u ovom predavanju, situiranom ne izvan, nego unutar evropskih (uporednih) dimenzija ukusa i navika toga doba, mo\u017ee privu\u0107i pa\u017enju jeste slika malog \u010dovjeka kod velikog pjesnika. U tolikim interpretacijama Njego\u0161evog djela obi\u010dno se srije\u0107emo sa slikom velikog i uzvi\u0161enog junaka \u2013 ovo je skromna, no mo\u017eda zato i zanimljiva, prilika da se skrene pa\u017enja na malog, prostog, narodnog \u010dovjeka Njego\u0161evog doba.<\/p>\n<p>Nakon predavanja, o hrani \u0107e iz razli\u010ditih uglova govoriti u\u010denici srednjih \u0161kola predvo\u0111eni mentorima, istaknutim stru\u010dnjacima iz pojedinih oblasti. U\u010denici Gimnazije \u201eSlobodan \u0160kerovi\u0107\u201d govori\u0107e o vezi fizike, hemije i hrane, Srednje medicinske \u0161kole u Podgorici o hrani i zdravlju, a Srednje trgovinske \u0161kole Sergije Stani\u0107 u Podgorici o hrani, geografiji i kulturi.<\/p>\n<\/div>\n<\/div><\/div><\/div><div id=\"panel-30-0-0-1\" class=\"so-panel widget widget_sow-editor panel-last-child\" data-index=\"1\" ><div class=\"panel-widget-style panel-widget-style-for-30-0-0-1\" ><div\n\t\t\t\n\t\t\tclass=\"so-widget-sow-editor so-widget-sow-editor-base\"\n\t\t\t\n\t\t>\n<div class=\"siteorigin-widget-tinymce textwidget\">\n\t<h5 style=\"text-align: center;\">Prijatelji festivala:<\/h5>\n<p><img alt=\"Srednjo\u0161kolci istra\u017euju\" loading=\"lazy\" decoding=\"async\" class=\"wp-image-16 size-full aligncenter\" src=\"https:\/\/festival-nauke.me\/2012\/wp-content\/uploads\/sites\/6\/2016\/08\/prijetelji1-e1348740842129.png\" width=\"690\" height=\"276\" srcset=\"https:\/\/festival-nauke.me\/2012\/wp-content\/uploads\/sites\/6\/2016\/08\/prijetelji1-e1348740842129.png 690w, https:\/\/festival-nauke.me\/2012\/wp-content\/uploads\/sites\/6\/2016\/08\/prijetelji1-e1348740842129-300x120.png 300w\" sizes=\"auto, (max-width: 690px) 100vw, 690px\" \/><\/p>\n<\/div>\n<\/div><\/div><\/div><\/div><div id=\"pgc-30-0-1\"  class=\"panel-grid-cell\" ><div id=\"panel-30-0-1-0\" class=\"so-panel widget widget_sow-editor panel-first-child panel-last-child\" data-index=\"2\" ><div class=\"panel-widget-style panel-widget-style-for-30-0-1-0\" ><div\n\t\t\t\n\t\t\tclass=\"so-widget-sow-editor so-widget-sow-editor-base\"\n\t\t\t\n\t\t>\n<div class=\"siteorigin-widget-tinymce textwidget\">\n\t<h5 style=\"text-align: center;\">Organizatori:<\/h5>\n<p><img loading=\"lazy\" decoding=\"async\" class=\"size-full wp-image-10 aligncenter\" src=\"https:\/\/festival-nauke.me\/2012\/wp-content\/uploads\/sites\/6\/2016\/08\/13139543133.png\" alt=\"13139543133\" width=\"191\" height=\"78\" \/><\/p>\n<p><img loading=\"lazy\" decoding=\"async\" class=\"size-full wp-image-11 aligncenter\" src=\"https:\/\/festival-nauke.me\/2012\/wp-content\/uploads\/sites\/6\/2016\/08\/LogoMinNauke-e1348644090679.png\" alt=\"LogoMinNauke-e1348644090679\" width=\"184\" height=\"147\" \/><\/p>\n<p><img loading=\"lazy\" decoding=\"async\" class=\"size-full wp-image-12 aligncenter\" src=\"https:\/\/festival-nauke.me\/2012\/wp-content\/uploads\/sites\/6\/2016\/08\/prirodnjackim-e1348650176942.png\" alt=\"prirodnjackim-e1348650176942\" width=\"191\" height=\"148\" \/><\/p>\n<h5 style=\"text-align: center;\">Pokrovitelji:<\/h5>\n<p><img loading=\"lazy\" decoding=\"async\" class=\"size-full wp-image-14 aligncenter\" src=\"https:\/\/festival-nauke.me\/2012\/wp-content\/uploads\/sites\/6\/2016\/08\/EU-logo-e1348646069944.gif\" alt=\"EU-logo-e1348646069944\" width=\"191\" height=\"197\" \/><\/p>\n<p><img loading=\"lazy\" decoding=\"async\" class=\"size-full wp-image-15 aligncenter\" src=\"https:\/\/festival-nauke.me\/2012\/wp-content\/uploads\/sites\/6\/2016\/08\/Logo_Marie-Curie-e1348646172804.jpg\" alt=\"Logo_Marie-Curie-e1348646172804\" width=\"191\" height=\"185\" \/><\/p>\n<\/div>\n<\/div><\/div><\/div><\/div><\/div><\/div>","protected":false},"excerpt":{"rendered":"<p>(Nau\u010dni kafe) Karver, 20.00 \u2013 22.00 hDr Gojko \u010celebi\u0107, Jelo i pi\u0107e kod Njego\u0161aUvodno predavanje koje ima za predmet pomene<a class=\"read-more\" href=\"https:\/\/festival-nauke.me\/2012\/srednjoskolci-istrazuju\/\"> [&#8230;] \u010citaj dalje <i class=\"la la-long-arrow-right\"><\/i><\/a><\/p>\n","protected":false},"author":1,"featured_media":0,"parent":0,"menu_order":0,"comment_status":"closed","ping_status":"closed","template":"page-templates\/page_front-page.php","meta":{"footnotes":""},"class_list":["post-30","page","type-page","status-publish","hentry"],"_links":{"self":[{"href":"https:\/\/festival-nauke.me\/2012\/wp-json\/wp\/v2\/pages\/30","targetHints":{"allow":["GET"]}}],"collection":[{"href":"https:\/\/festival-nauke.me\/2012\/wp-json\/wp\/v2\/pages"}],"about":[{"href":"https:\/\/festival-nauke.me\/2012\/wp-json\/wp\/v2\/types\/page"}],"author":[{"embeddable":true,"href":"https:\/\/festival-nauke.me\/2012\/wp-json\/wp\/v2\/users\/1"}],"replies":[{"embeddable":true,"href":"https:\/\/festival-nauke.me\/2012\/wp-json\/wp\/v2\/comments?post=30"}],"version-history":[{"count":0,"href":"https:\/\/festival-nauke.me\/2012\/wp-json\/wp\/v2\/pages\/30\/revisions"}],"wp:attachment":[{"href":"https:\/\/festival-nauke.me\/2012\/wp-json\/wp\/v2\/media?parent=30"}],"curies":[{"name":"wp","href":"https:\/\/api.w.org\/{rel}","templated":true}]}}