{"id":27,"date":"2016-08-15T12:26:24","date_gmt":"2016-08-15T10:26:24","guid":{"rendered":"http:\/\/festival-nauke.me\/2012\/?page_id=27"},"modified":"2016-08-15T12:26:24","modified_gmt":"2016-08-15T10:26:24","slug":"izleti-i-laboratorije","status":"publish","type":"page","link":"https:\/\/festival-nauke.me\/2012\/izleti-i-laboratorije\/","title":{"rendered":"Izleti i laboratorije"},"content":{"rendered":"<div id=\"pl-27\"  class=\"panel-layout\" ><div id=\"pg-27-0\"  class=\"panel-grid panel-no-style\" ><div id=\"pgc-27-0-0\"  class=\"panel-grid-cell\" ><div id=\"panel-27-0-0-0\" class=\"so-panel widget widget_sow-editor panel-first-child\" data-index=\"0\" ><div class=\"panel-widget-style panel-widget-style-for-27-0-0-0\" ><div\n\t\t\t\n\t\t\tclass=\"so-widget-sow-editor so-widget-sow-editor-base\"\n\t\t\t\n\t\t><h3 class=\"widget-title\">Izleti i laboratorije<\/h3>\n<div class=\"siteorigin-widget-tinymce textwidget\">\n\t<h4 class=\"ui-accordion-header ui-helper-reset ui-state-active ui-corner-top ui-state-hover\" tabindex=\"0\"><em>Samo tokom festivala<\/em>\u00a0<\/h4>\n<h4 class=\"ui-accordion-header ui-helper-reset ui-state-active ui-corner-top ui-state-hover\" tabindex=\"0\">Filmske projekcije<\/h4>\n<p class=\"ui-accordion-header ui-helper-reset ui-state-active ui-corner-top ui-state-hover\" tabindex=\"0\">(Umjetni\u010dki paviljon)<\/p>\n<h4 class=\"ui-accordion-header ui-helper-reset ui-state-active ui-corner-top ui-state-hover\" tabindex=\"0\">Koyaanisqatsi \u2022 Powaqqatsi \u2022 Naqoyqatsi<\/h4>\n<p class=\"ui-accordion-header ui-helper-reset ui-state-active ui-corner-top ui-state-hover\" tabindex=\"0\">\u201cMi ne samo da koristimo tehnologiju. Mi je \u017eivimo. Postala je sveprisutna, kao vazduh koji udi\u0161emo\u2026\u201d \u2013 Godfrey Reggio. Za ova tri fascinantna ostvarenja reditelja Godfrey Reggioa, muziku je komponovao Philip Glass, a kameru potpisuje Ron Fricke. Trilogija ilustruje razli\u010dite aspekte veza izme\u0111u ljudi, prirode i tehnologije.<\/p>\n<h4 class=\"ui-accordion-header ui-helper-reset ui-state-active ui-corner-top ui-state-hover\" tabindex=\"0\">ISTRA\u017dIVA\u010cKI IZLETI, 12.00 h<\/h4>\n<p class=\"ui-accordion-header ui-helper-reset ui-state-active ui-corner-top ui-state-hover\" tabindex=\"0\">Mljekara Nika, Nik\u0161i\u0107<\/p>\n<p class=\"ui-accordion-header ui-helper-reset ui-state-active ui-corner-top ui-state-hover\" tabindex=\"0\">Botani\u010dka ba\u0161ta planinske flore Dulovine, Kola\u0161in<\/p>\n<h4 class=\"ui-accordion-header ui-helper-reset ui-state-active ui-corner-top ui-state-hover\" tabindex=\"0\">OTVORENE LABORATORIJE, 12.00 \u2013 15.00 h<\/h4>\n<p class=\"ui-accordion-header ui-helper-reset ui-state-active ui-corner-top ui-state-hover\" tabindex=\"0\">Gra\u0111evinski fakultet UCG<\/p>\n<p class=\"ui-accordion-header ui-helper-reset ui-state-active ui-corner-top ui-state-hover\" tabindex=\"0\">Institut za biologiju mora u Kotoru<\/p>\n<p class=\"ui-accordion-header ui-helper-reset ui-state-active ui-corner-top ui-state-hover\" tabindex=\"0\">Hidrometeorolo\u0161ki zavod Crne Gore<\/p>\n<h4 class=\"ui-accordion-header ui-helper-reset ui-state-active ui-corner-top ui-state-hover\" tabindex=\"0\">CETI<\/h4>\n<p class=\"ui-accordion-header ui-helper-reset ui-state-active ui-corner-top ui-state-hover\" tabindex=\"0\">I ove godine, prijatelji Festivala nauke 2012 \u2013 Gra\u0111evinski fakultet UCG, Institut za biologiju mora u Kotoru, Hidrometeorolo\u0161ki zavod Crne Gore, CETI, Mljekara Nika \u2013 Nik\u0161i\u0107 i Botani\u010dka ba\u0161ta planinske flore u Kola\u0161inu \u201d\u0161irom otvaraju svoja vrata\u201d i pozivaju vas u goste. Njihovi stru\u010dnjaci, istra\u017eiva\u010di i nau\u010dnici bi\u0107e raspolo\u017eeni da razgovaraju sa vama i podijele svoja znanja i iskustva vezana za fiziku, hemiju, biologiju, arhitekturu, gra\u0111evinarstvu, meteorologiji\u2026 U mljekari \u0107ete saznati vi\u0161e o proizvodno-tehnolo\u0161kim kriterijumima i uslovima koji su neophodni za proizvodnju \u010diste i zdrave hrane, a u Botani\u010dkoj ba\u0161ti u Kola\u0161inu u\u017eiva\u0107ete u pri\u010di o rijetkim, ugro\u017eenim, endemi\u010dnim, za\u0161ti\u0107enim i ljekovitim crnogorskim biljkama. Na Gra\u0111evinskom fakultetu sazna\u0107ete o primjeni nau\u010dnih istra\u017eivanja u gra\u0111evinskoj praksi, odnosno projektovanju i gra\u0111enju, kao i o eksperimentalno-teorijskim ispitivanjem i analizi materijala i konstrukcija.<\/p>\n<\/div>\n<\/div><\/div><\/div><div id=\"panel-27-0-0-1\" class=\"so-panel widget widget_sow-editor panel-last-child\" data-index=\"1\" ><div class=\"panel-widget-style panel-widget-style-for-27-0-0-1\" ><div\n\t\t\t\n\t\t\tclass=\"so-widget-sow-editor so-widget-sow-editor-base\"\n\t\t\t\n\t\t>\n<div class=\"siteorigin-widget-tinymce textwidget\">\n\t<h5 style=\"text-align: center;\">Prijatelji festivala:<\/h5>\n<p><img alt=\"Izleti i laboratorije\" loading=\"lazy\" decoding=\"async\" class=\"wp-image-16 size-full aligncenter\" src=\"https:\/\/festival-nauke.me\/2012\/wp-content\/uploads\/sites\/6\/2016\/08\/prijetelji1-e1348740842129.png\" width=\"690\" height=\"276\" srcset=\"https:\/\/festival-nauke.me\/2012\/wp-content\/uploads\/sites\/6\/2016\/08\/prijetelji1-e1348740842129.png 690w, https:\/\/festival-nauke.me\/2012\/wp-content\/uploads\/sites\/6\/2016\/08\/prijetelji1-e1348740842129-300x120.png 300w\" sizes=\"auto, (max-width: 690px) 100vw, 690px\" \/><\/p>\n<\/div>\n<\/div><\/div><\/div><\/div><div id=\"pgc-27-0-1\"  class=\"panel-grid-cell\" ><div id=\"panel-27-0-1-0\" class=\"so-panel widget widget_sow-editor panel-first-child panel-last-child\" data-index=\"2\" ><div class=\"panel-widget-style panel-widget-style-for-27-0-1-0\" ><div\n\t\t\t\n\t\t\tclass=\"so-widget-sow-editor so-widget-sow-editor-base\"\n\t\t\t\n\t\t>\n<div class=\"siteorigin-widget-tinymce textwidget\">\n\t<h5 style=\"text-align: center;\">Organizatori:<\/h5>\n<p><img loading=\"lazy\" decoding=\"async\" class=\"size-full wp-image-10 aligncenter\" src=\"https:\/\/festival-nauke.me\/2012\/wp-content\/uploads\/sites\/6\/2016\/08\/13139543133.png\" alt=\"13139543133\" width=\"191\" height=\"78\" \/><\/p>\n<p><img loading=\"lazy\" decoding=\"async\" class=\"size-full wp-image-11 aligncenter\" src=\"https:\/\/festival-nauke.me\/2012\/wp-content\/uploads\/sites\/6\/2016\/08\/LogoMinNauke-e1348644090679.png\" alt=\"LogoMinNauke-e1348644090679\" width=\"184\" height=\"147\" \/><\/p>\n<p><img loading=\"lazy\" decoding=\"async\" class=\"size-full wp-image-12 aligncenter\" src=\"https:\/\/festival-nauke.me\/2012\/wp-content\/uploads\/sites\/6\/2016\/08\/prirodnjackim-e1348650176942.png\" alt=\"prirodnjackim-e1348650176942\" width=\"191\" height=\"148\" \/><\/p>\n<h5 style=\"text-align: center;\">Pokrovitelji:<\/h5>\n<p><img loading=\"lazy\" decoding=\"async\" class=\"size-full wp-image-14 aligncenter\" src=\"https:\/\/festival-nauke.me\/2012\/wp-content\/uploads\/sites\/6\/2016\/08\/EU-logo-e1348646069944.gif\" alt=\"EU-logo-e1348646069944\" width=\"191\" height=\"197\" \/><\/p>\n<p><img loading=\"lazy\" decoding=\"async\" class=\"size-full wp-image-15 aligncenter\" src=\"https:\/\/festival-nauke.me\/2012\/wp-content\/uploads\/sites\/6\/2016\/08\/Logo_Marie-Curie-e1348646172804.jpg\" alt=\"Logo_Marie-Curie-e1348646172804\" width=\"191\" height=\"185\" \/><\/p>\n<\/div>\n<\/div><\/div><\/div><\/div><\/div><\/div>","protected":false},"excerpt":{"rendered":"<p>Samo tokom festivala\u00a0Filmske projekcije(Umjetni\u010dki paviljon)Koyaanisqatsi \u2022 Powaqqatsi \u2022 Naqoyqatsi\u201cMi ne samo da koristimo tehnologiju. Mi je \u017eivimo. Postala je sveprisutna,<a class=\"read-more\" href=\"https:\/\/festival-nauke.me\/2012\/izleti-i-laboratorije\/\"> [&#8230;] \u010citaj dalje <i class=\"la la-long-arrow-right\"><\/i><\/a><\/p>\n","protected":false},"author":1,"featured_media":0,"parent":0,"menu_order":0,"comment_status":"closed","ping_status":"closed","template":"page-templates\/page_front-page.php","meta":{"footnotes":""},"class_list":["post-27","page","type-page","status-publish","hentry"],"_links":{"self":[{"href":"https:\/\/festival-nauke.me\/2012\/wp-json\/wp\/v2\/pages\/27","targetHints":{"allow":["GET"]}}],"collection":[{"href":"https:\/\/festival-nauke.me\/2012\/wp-json\/wp\/v2\/pages"}],"about":[{"href":"https:\/\/festival-nauke.me\/2012\/wp-json\/wp\/v2\/types\/page"}],"author":[{"embeddable":true,"href":"https:\/\/festival-nauke.me\/2012\/wp-json\/wp\/v2\/users\/1"}],"replies":[{"embeddable":true,"href":"https:\/\/festival-nauke.me\/2012\/wp-json\/wp\/v2\/comments?post=27"}],"version-history":[{"count":0,"href":"https:\/\/festival-nauke.me\/2012\/wp-json\/wp\/v2\/pages\/27\/revisions"}],"wp:attachment":[{"href":"https:\/\/festival-nauke.me\/2012\/wp-json\/wp\/v2\/media?parent=27"}],"curies":[{"name":"wp","href":"https:\/\/api.w.org\/{rel}","templated":true}]}}