{"id":23,"date":"2016-08-15T12:08:26","date_gmt":"2016-08-15T10:08:26","guid":{"rendered":"http:\/\/festival-nauke.me\/2012\/?page_id=23"},"modified":"2016-08-15T12:09:48","modified_gmt":"2016-08-15T10:09:48","slug":"eksperimenti","status":"publish","type":"page","link":"https:\/\/festival-nauke.me\/2012\/eksperimenti\/","title":{"rendered":"Eksperimenti"},"content":{"rendered":"<div id=\"pl-23\"  class=\"panel-layout\" ><div id=\"pg-23-0\"  class=\"panel-grid panel-no-style\" ><div id=\"pgc-23-0-0\"  class=\"panel-grid-cell\" ><div id=\"panel-23-0-0-0\" class=\"so-panel widget widget_sow-editor panel-first-child\" data-index=\"0\" ><div class=\"panel-widget-style panel-widget-style-for-23-0-0-0\" ><div\n\t\t\t\n\t\t\tclass=\"so-widget-sow-editor so-widget-sow-editor-base\"\n\t\t\t\n\t\t><h3 class=\"widget-title\">Eksperimenti<\/h3>\n<div class=\"siteorigin-widget-tinymce textwidget\">\n\t<p>Paviljon ULUCG 12.00 \u2013 20.00 h<br \/>\nU\u0111ite u \u010darobne krugove nauke, tajne i spoznaje. Ne samo da \u0107ete posmatrati eksperimente \u2013 bi\u0107ete u\u010desnici!<br \/>\nPRONA Visoki napon \u2013 fizika oko nas. Lutka koja pjeva. \u0160ta su zapravo munje i da li su opasne kao \u0161to izgledaju? Kako ubrzati feromagnetni projektil do vrtoglavih brzina? Da li je mogu\u0107a levitacija predmeta? Van de Grafov generator, elektromagnetni top. Kako prenijetu energiju kroz jednu ili \u010dak nijednu \u017eicu? Laser koji pjeva. Polaznici Ljetnje \u0161kole fizike pokaza\u0107e vam kako da pomo\u0107u vrlo jednostavne aparature napravite suvi led,ili \u010dak napravite sijalicu! Magi\u010dni svijet hemije-Ljepota stvaranja Ni\u0161ta nije onako kako izgleda, i nemogu\u0107e je \u010desto mogu\u0107e. Kako napraviti model vulkana u sobi \/ pravi mali vrt u staklenoj posudi \/ vje\u0161ta\u010dka krv \/ prskalice (pravljenje smje\u0161e za \u201dnovogodi\u0161nje prskalice \/ kad crveni cvijet postaje plavi) \/ crna mamba \/ vatra bez \u0161ibice \/ dobijanje \u010distog srebra u epruveti \/ slonovska pasta za zube \/ kako mokar pe\u0161kir mo\u017ee da gori \/ voda proklju\u010da kad je hladimo. Matematika. Matematika u nama i oko nas. Elipti\u010dni bilijar i igra tangram. Veza matematike i umjetnosti se\u017ee daleko u pro\u0161lost. Jo\u0161 su stari Egip\u0107ani i Grci znali za \u201czlatni presjek\u201d i smatrali ga najsavr\u0161enijim odnosom u prirodi. Koje igrice su igrali matemati\u010dari jo\u0161 u drevnim vremenima? Biologija kroz svakodnevnu igru. Odvojte biljne pigmente na listu papira, izolujte DNK iz kivija, naduvajte balon ne koriste\u0107i kapacitet plu\u0107a, pogledajte si\u0107u\u0161ne bakterije pod mikroskopom, saznajte da li je ono \u0161to pijete prirodno i zdravo.<br \/>\nPRIRODNJA\u010cKI MUZEJ CRNE GORE Fragmenti prirode. Kako se pravi herbar i odre\u0111uju biljke? Za\u0161to su mahovine vi\u0161e biljke? \u0160ta jedu \u017eabe, a \u0161ta tritoni? Koliko nogu imaju insekti, pauci, \u0161korpija? Kolike su spore gljiva? Kako izgledaju hare? Da li su sva pera na tijelu ptice ista? Posmatraj krlju\u0161ti riba!<br \/>\nCENTAR ZA PROMOCIJU NAUKE Tajni materijali \u2013 majice koje se ne gu\u017evaju, retrovizori sa automatskim pode\u0161avanjem osvijetljenosti. Papir koji se pravi od ostataka u proizvodnji soka od jabuke. Robot-buba ko\u0458a se kre\u0107e i \u2013 crta.<br \/>\nGIZ, Njema\u010dka agencija za tehni\u010dku podr\u0161ku \u0160ta je u stvari energetska efikasnost? Svojom rukom pokrenite generator \u2013 proizve\u0161\u0107ete elektri\u010dnu energiju. Otkrijte mnogo interesantnih pojedinosti o prelasku energije iz jednog u drugi oblik. U\u010dite \u2013 pomo\u0107u svih svojih \u010dula!<br \/>\nZORAN ILIN\u010cI\u0106 Najproduktivniji crnogorski inovator, predstavlja modele nekih svojih pronalazaka: amortizer zemljotresa, ure\u0111aj za promjenu sheme razvoda ventila kod 4-kontaktnog motora sa unutra\u0161njim sagorijevanjem, pretvara\u010d pritiska fluida u silu potiska. \u201cSamo iz niza poku\u0161aja mo\u017ee se stvoriti rezultat\u201d (Z. Ilin\u010di\u0107).<br \/>\nMLADI PRONALAZA\u010cI Srednjo\u0161kolci i studenti, u\u010desnici me\u0111unarodnih takmi\u010denja, predstavljaju svoje izume: doma\u0107i robot \u2013 mobilni manipulator,\u201delektri\u010dni dimnjak\u201d, pokretni izvor energije, elektronski zateza\u010d \u017eice za ve\u0161\u2026<br \/>\nEMICOM U borbi protiv dosade nastaju novi proizvodi. Ako negdje \u010dekate u redu, ispred \u0161altera ili ordinacije, displej za stranke \u0107e vas osloboditi nervoze. Drugo sredstvo protiv dosade se koristi u ku\u0107nim uslovima.<br \/>\nCETINJSKA GIMNAZIJA Kroz pri\u010du o biljkama i pravljenju parfema, u\u010denici se zala\u017eu za razvijanje ljubavi prema prirodi, bu\u0111enje svijesti o zna\u010daju o\u010duvanja prirode, recikla\u017ee, povezivanju biologije i etno turizma.<br \/>\nIAESTE Sa ruksagom za znanjem po svijetu. Uklju\u010dite se u me\u0111unarodnu organizaciju za razmjenu studenata radi stru\u010dne prakse, osnovanu jo\u0161 1948. godine. Vi\u0161e od 80 zemalja u\u010destvuje u programu razmjene.<br \/>\nMONTEPASS Web sajt koji omogu\u0107ava da kreirate naprednu formu biografije u kojoj opisujete svoje vje\u0161tine i znanja (CV). Pretra\u017euju\u0107i MontePass bazu poslodavci lak\u0161e dolaze do odgovaraju\u0107ih kandidata za posao.<br \/>\nSREDNJA MEDICINSKA \u0160KOLA \u201eDR BRANKO ZOGOVI\u0106\u201c Berane U\u010denici ove \u0161kole \u017eele da nas uvjere da \u201chemija nije bauk\u201d. Vidje\u0107ete denaturaciju proteina, magi\u010dne boje u mlijeku, bezbolno va\u0111enje krvi, lava lampu, kako nastaje hidrantna krema za ruke sa medom i piling, melem za opekotine i herpes.<br \/>\nEKOPLANT Evo i neobi\u010dnog vo\u0107a u No\u0107i istra\u017eiva\u010da, malo poznatog na na\u0161im prostorima \u2013 oblepiha, god\u017ei beri i stalnora\u0111aju\u0107a \u0161umska jagoda sorte Regina. Tu su i potencijalno nove sorte \u0161umske jagode i maline na \u010dijem stvaranju radi in\u017eenjerski tim rasadnika Ekoplant. Mogu\u0107a i degustacija.<br \/>\nFESTIVAL NAUKE Beograd Promjene boja, eksplozije i bljeskovi \u0107e vam nadra\u017eiti \u0107ula i zasigurno u vama probuditi dje\u010diju radoznalost. Igra\u0107emo se zajedno na +2000 C. Zapali\u0107emo vatru vodom, dr\u017eati plamen na dlanu i zajedno uraditi mnogo toga \u0161to se nikako ne smije raditi kod ku\u0107e.<br \/>\nINSTITUT VIN\u010cA Radionica za samostalnu aktivnost djece u obdani\u0161tu i prva \u010detiri razreda osnovne \u0161kole. Kako krompir mo\u017ee da pliva, eksperimenti iz elektriciteta, boja vjetra, padanja i usporavanje padanja ping-pong loptice, eksperimenti iz odr\u017eivog razvoja.<br \/>\nELEKTROPRIVREDA CRNE GORE EPCG predstavlja elektronska brojila posljednje generacije. Nova brojila omogu\u0107avaju auto\u00acma\u00acti-zo\u00acva\u00acno, jed\u00acno\u00acstav\u00acni\u00acje i br\u00ac\u017ee mje\u00acre\u00acnje po\u00actro\u00ac\u0161nje elektri\u010dne ener\u00acgi\u00acje, precizno daljinsko o\u010ditavanje, kao i brzo evidentiranje eventualnog kvara.<br \/>\nFAKULTET ZA INFORMACIONE TEHNOLOGIJE Otkrijte primjenu novih ICT tehnologija. Kako funkcioni\u0161u ra\u010dunarske mre\u017ee? Testirajte android aplikacije i do\u017eivite nova virtuelna iskustva \u2013 upoznajte zvijezde i nebeske objekte ili zavirite u istoriju kroz virtuelnu panoramu! Kviz znanja predvi\u0111a va\u0161u idealnu profesiju.<br \/>\nELEKTROTEHNI\u010cKI FAKULTET Hardversko-softverski sistem za pomo\u0107 u borbi protiv nekontrolisane emisije otrovnih gasovima. Simulirajte promjenu vremenskih uslova. Elektronski sistemi sa ultra-malom potro\u0161njom energije.<br \/>\nRADIO KLUB Uklju\u010dite se u razgovore sa ljudima sa svih kontinenata. Preko kratkotalasne radio-stanice, uspostavljaju se radio-kontakti sa zemljama \u0161irom svijeta.<br \/>\nCRNOGORSKA ASOCIJACIJA ZA NOVE TEHNOLOGIJE \u0160ta je to energetski efikasno osvjetljenje? Jedinstvena prilika da vidite najnovije tehnologije LED baziranog osvjetljenja.<br \/>\nAGENCIJA ZA ZA\u0160TITU \u017dIVOTNE SREDINE CRNE GORE Kako izgleda primjena nau\u010dnih istra\u017eivanja u praksi, tj. za\u0161tita i odr\u017eivo kori\u0161\u0107enje komponenti biodiverziteta? U\u010destvujte u determinaciji vrsta: analizirajte oblik, boje, mirise i ostale karakteristike vrsta, uz upotrebu klju\u010deva za determinaciju.<\/p>\n<\/div>\n<\/div><\/div><\/div><div id=\"panel-23-0-0-1\" class=\"so-panel widget widget_sow-editor panel-last-child\" data-index=\"1\" ><div class=\"panel-widget-style panel-widget-style-for-23-0-0-1\" ><div\n\t\t\t\n\t\t\tclass=\"so-widget-sow-editor so-widget-sow-editor-base\"\n\t\t\t\n\t\t>\n<div class=\"siteorigin-widget-tinymce textwidget\">\n\t<h5 style=\"text-align: center;\">Prijatelji festivala:<\/h5>\n<p><img alt=\"Eksperimenti\" loading=\"lazy\" decoding=\"async\" class=\"wp-image-16 size-full aligncenter\" src=\"https:\/\/festival-nauke.me\/2012\/wp-content\/uploads\/sites\/6\/2016\/08\/prijetelji1-e1348740842129.png\" width=\"690\" height=\"276\" srcset=\"https:\/\/festival-nauke.me\/2012\/wp-content\/uploads\/sites\/6\/2016\/08\/prijetelji1-e1348740842129.png 690w, https:\/\/festival-nauke.me\/2012\/wp-content\/uploads\/sites\/6\/2016\/08\/prijetelji1-e1348740842129-300x120.png 300w\" sizes=\"auto, (max-width: 690px) 100vw, 690px\" \/><\/p>\n<\/div>\n<\/div><\/div><\/div><\/div><div id=\"pgc-23-0-1\"  class=\"panel-grid-cell\" ><div id=\"panel-23-0-1-0\" class=\"so-panel widget widget_sow-editor panel-first-child panel-last-child\" data-index=\"2\" ><div class=\"panel-widget-style panel-widget-style-for-23-0-1-0\" ><div\n\t\t\t\n\t\t\tclass=\"so-widget-sow-editor so-widget-sow-editor-base\"\n\t\t\t\n\t\t>\n<div class=\"siteorigin-widget-tinymce textwidget\">\n\t<h5 style=\"text-align: center;\">Organizatori:<\/h5>\n<p><img loading=\"lazy\" decoding=\"async\" class=\"size-full wp-image-10 aligncenter\" src=\"https:\/\/festival-nauke.me\/2012\/wp-content\/uploads\/sites\/6\/2016\/08\/13139543133.png\" alt=\"13139543133\" width=\"191\" height=\"78\" \/><\/p>\n<p><img loading=\"lazy\" decoding=\"async\" class=\"size-full wp-image-11 aligncenter\" src=\"https:\/\/festival-nauke.me\/2012\/wp-content\/uploads\/sites\/6\/2016\/08\/LogoMinNauke-e1348644090679.png\" alt=\"LogoMinNauke-e1348644090679\" width=\"184\" height=\"147\" \/><\/p>\n<p><img loading=\"lazy\" decoding=\"async\" class=\"size-full wp-image-12 aligncenter\" src=\"https:\/\/festival-nauke.me\/2012\/wp-content\/uploads\/sites\/6\/2016\/08\/prirodnjackim-e1348650176942.png\" alt=\"prirodnjackim-e1348650176942\" width=\"191\" height=\"148\" \/><\/p>\n<h5 style=\"text-align: center;\">Pokrovitelji:<\/h5>\n<p><img loading=\"lazy\" decoding=\"async\" class=\"size-full wp-image-14 aligncenter\" src=\"https:\/\/festival-nauke.me\/2012\/wp-content\/uploads\/sites\/6\/2016\/08\/EU-logo-e1348646069944.gif\" alt=\"EU-logo-e1348646069944\" width=\"191\" height=\"197\" \/><\/p>\n<p><img loading=\"lazy\" decoding=\"async\" class=\"size-full wp-image-15 aligncenter\" src=\"https:\/\/festival-nauke.me\/2012\/wp-content\/uploads\/sites\/6\/2016\/08\/Logo_Marie-Curie-e1348646172804.jpg\" alt=\"Logo_Marie-Curie-e1348646172804\" width=\"191\" height=\"185\" \/><\/p>\n<\/div>\n<\/div><\/div><\/div><\/div><\/div><\/div>","protected":false},"excerpt":{"rendered":"<p>Paviljon ULUCG 12.00 \u2013 20.00 h U\u0111ite u \u010darobne krugove nauke, tajne i spoznaje. Ne samo da \u0107ete posmatrati eksperimente<a class=\"read-more\" href=\"https:\/\/festival-nauke.me\/2012\/eksperimenti\/\"> [&#8230;] \u010citaj dalje <i class=\"la la-long-arrow-right\"><\/i><\/a><\/p>\n","protected":false},"author":1,"featured_media":0,"parent":0,"menu_order":0,"comment_status":"closed","ping_status":"closed","template":"page-templates\/page_front-page.php","meta":{"footnotes":""},"class_list":["post-23","page","type-page","status-publish","hentry"],"_links":{"self":[{"href":"https:\/\/festival-nauke.me\/2012\/wp-json\/wp\/v2\/pages\/23","targetHints":{"allow":["GET"]}}],"collection":[{"href":"https:\/\/festival-nauke.me\/2012\/wp-json\/wp\/v2\/pages"}],"about":[{"href":"https:\/\/festival-nauke.me\/2012\/wp-json\/wp\/v2\/types\/page"}],"author":[{"embeddable":true,"href":"https:\/\/festival-nauke.me\/2012\/wp-json\/wp\/v2\/users\/1"}],"replies":[{"embeddable":true,"href":"https:\/\/festival-nauke.me\/2012\/wp-json\/wp\/v2\/comments?post=23"}],"version-history":[{"count":0,"href":"https:\/\/festival-nauke.me\/2012\/wp-json\/wp\/v2\/pages\/23\/revisions"}],"wp:attachment":[{"href":"https:\/\/festival-nauke.me\/2012\/wp-json\/wp\/v2\/media?parent=23"}],"curies":[{"name":"wp","href":"https:\/\/api.w.org\/{rel}","templated":true}]}}