{"id":217,"date":"2016-08-16T07:24:02","date_gmt":"2016-08-16T05:24:02","guid":{"rendered":"http:\/\/festival-nauke.me\/2012\/?page_id=217"},"modified":"2016-08-16T07:28:26","modified_gmt":"2016-08-16T05:28:26","slug":"linkovi","status":"publish","type":"page","link":"https:\/\/festival-nauke.me\/2012\/linkovi\/","title":{"rendered":"Linkovi"},"content":{"rendered":"<div id=\"pl-217\"  class=\"panel-layout\" ><div id=\"pg-217-0\"  class=\"panel-grid panel-no-style\" ><div id=\"pgc-217-0-0\"  class=\"panel-grid-cell\" ><div id=\"panel-217-0-0-0\" class=\"so-panel widget widget_sow-editor panel-first-child\" data-index=\"0\" ><div class=\"panel-widget-style panel-widget-style-for-217-0-0-0\" ><div\n\t\t\t\n\t\t\tclass=\"so-widget-sow-editor so-widget-sow-editor-base\"\n\t\t\t\n\t\t><h3 class=\"widget-title\">Linkovi<\/h3>\n<div class=\"siteorigin-widget-tinymce textwidget\">\n\t<p><a href=\"http:\/\/ec.europa.eu\/research\/researchersineurope\/events\/researchersnight09\/news_en.htm\">Sajt Evropske komisije posve\u0107en No\u0107i istra\u017eiva\u010da<\/a> <a href=\"http:\/\/cientistasaopalco.com\/\">No\u0107 istra\u017eiva\u010da u Portugaliji <\/a><a href=\"http:\/\/www.nuitdeschercheurs-france.eu\/\">No\u0107 istra\u017eiva\u010da u Francuskoj<\/a><a href=\"http:\/\/www.nocraziskovalcev.si\/\">No\u0107 istra\u017eiva\u010da u Sloveniji <\/a><a href=\"http:\/\/www.nocistrazivaca.rs\/\">No\u0107 istra\u017eiva\u010da u Srbiji<\/a> <a href=\"http:\/\/forskarfredag.se\/2010\/\">No\u0107 istra\u017eiva\u010da u \u0160vedskoj<\/a> <a href=\"http:\/\/www.ahhaa.ee\/TeadlasteOo2010\/\">No\u0107 istra\u017eiva\u010da u Estoniji<\/a> <a href=\"http:\/\/www.nocnaukowcow.com.pl\/\">No\u0107 istra\u017eiva\u010da u Poljskoj<\/a> <a href=\"http:\/\/www.st-andrews.ac.uk\/history\/researchersnight\/\">No\u0107 istra\u017eiva\u010da u \u0160kotskoj<\/a> <a href=\"http:\/\/www.lunganottedellaricerca.it\/\">No\u0107 istra\u017eiva\u010da u Bolcanu u Italiji<\/a> <a href=\"http:\/\/www.nocnaukowcow.malopolska.pl\/\">No\u0107 istra\u017eiva\u010da u Poljskoj<\/a><a href=\"http:\/\/www.sovva.sk\/noc-vyskumnika-2010\/\">No\u0107 istra\u017eiva\u010da u Slova\u010dkoj <\/a><a href=\"http:\/\/rn10.net\/rn10\/index.php\">No\u0107 istra\u017eiva\u010da u \u0160paniji<\/a> <a href=\"http:\/\/www.kutatokejszakaja.hu\/2010\/\">No\u0107 istra\u017eiva\u010da u Ma\u0111arskoj<\/a> <a href=\"http:\/\/www.discoveryfestival.nl\/\">No\u0107 istra\u017eiva\u010da u Holandiji<\/a><\/p>\n<\/div>\n<\/div><\/div><\/div><div id=\"panel-217-0-0-1\" class=\"so-panel widget widget_sow-editor panel-last-child\" data-index=\"1\" ><div class=\"panel-widget-style panel-widget-style-for-217-0-0-1\" ><div\n\t\t\t\n\t\t\tclass=\"so-widget-sow-editor so-widget-sow-editor-base\"\n\t\t\t\n\t\t>\n<div class=\"siteorigin-widget-tinymce textwidget\">\n\t<h5 style=\"text-align: center;\">Prijatelji festivala:<\/h5>\n<p><img alt=\"Linkovi\" loading=\"lazy\" decoding=\"async\" class=\"wp-image-16 size-full aligncenter\" src=\"https:\/\/festival-nauke.me\/2012\/wp-content\/uploads\/sites\/6\/2016\/08\/prijetelji1-e1348740842129.png\" width=\"690\" height=\"276\" srcset=\"https:\/\/festival-nauke.me\/2012\/wp-content\/uploads\/sites\/6\/2016\/08\/prijetelji1-e1348740842129.png 690w, https:\/\/festival-nauke.me\/2012\/wp-content\/uploads\/sites\/6\/2016\/08\/prijetelji1-e1348740842129-300x120.png 300w\" sizes=\"auto, (max-width: 690px) 100vw, 690px\" \/><\/p>\n<\/div>\n<\/div><\/div><\/div><\/div><div id=\"pgc-217-0-1\"  class=\"panel-grid-cell\" ><div id=\"panel-217-0-1-0\" class=\"so-panel widget widget_sow-editor panel-first-child panel-last-child\" data-index=\"2\" ><div class=\"panel-widget-style panel-widget-style-for-217-0-1-0\" ><div\n\t\t\t\n\t\t\tclass=\"so-widget-sow-editor so-widget-sow-editor-base\"\n\t\t\t\n\t\t>\n<div class=\"siteorigin-widget-tinymce textwidget\">\n\t<h5 style=\"text-align: center;\">Organizatori:<\/h5>\n<p><img loading=\"lazy\" decoding=\"async\" class=\"size-full wp-image-10 aligncenter\" src=\"https:\/\/festival-nauke.me\/2012\/wp-content\/uploads\/sites\/6\/2016\/08\/13139543133.png\" alt=\"13139543133\" width=\"191\" height=\"78\" \/><\/p>\n<p><img loading=\"lazy\" decoding=\"async\" class=\"size-full wp-image-11 aligncenter\" src=\"https:\/\/festival-nauke.me\/2012\/wp-content\/uploads\/sites\/6\/2016\/08\/LogoMinNauke-e1348644090679.png\" alt=\"LogoMinNauke-e1348644090679\" width=\"184\" height=\"147\" \/><\/p>\n<p><img loading=\"lazy\" decoding=\"async\" class=\"size-full wp-image-12 aligncenter\" src=\"https:\/\/festival-nauke.me\/2012\/wp-content\/uploads\/sites\/6\/2016\/08\/prirodnjackim-e1348650176942.png\" alt=\"prirodnjackim-e1348650176942\" width=\"191\" height=\"148\" \/><\/p>\n<h5 style=\"text-align: center;\">Pokrovitelji:<\/h5>\n<p><img loading=\"lazy\" decoding=\"async\" class=\"size-full wp-image-14 aligncenter\" src=\"https:\/\/festival-nauke.me\/2012\/wp-content\/uploads\/sites\/6\/2016\/08\/EU-logo-e1348646069944.gif\" alt=\"EU-logo-e1348646069944\" width=\"191\" height=\"197\" \/><\/p>\n<p><img loading=\"lazy\" decoding=\"async\" class=\"size-full wp-image-15 aligncenter\" src=\"https:\/\/festival-nauke.me\/2012\/wp-content\/uploads\/sites\/6\/2016\/08\/Logo_Marie-Curie-e1348646172804.jpg\" alt=\"Logo_Marie-Curie-e1348646172804\" width=\"191\" height=\"185\" \/><\/p>\n<\/div>\n<\/div><\/div><\/div><\/div><\/div><\/div>","protected":false},"excerpt":{"rendered":"<p>Sajt Evropske komisije posve\u0107en No\u0107i istra\u017eiva\u010da No\u0107 istra\u017eiva\u010da u Portugaliji No\u0107 istra\u017eiva\u010da u FrancuskojNo\u0107 istra\u017eiva\u010da u Sloveniji No\u0107 istra\u017eiva\u010da u<a class=\"read-more\" href=\"https:\/\/festival-nauke.me\/2012\/linkovi\/\"> [&#8230;] \u010citaj dalje <i class=\"la la-long-arrow-right\"><\/i><\/a><\/p>\n","protected":false},"author":1,"featured_media":0,"parent":0,"menu_order":0,"comment_status":"closed","ping_status":"closed","template":"page-templates\/page_front-page.php","meta":{"footnotes":""},"class_list":["post-217","page","type-page","status-publish","hentry"],"_links":{"self":[{"href":"https:\/\/festival-nauke.me\/2012\/wp-json\/wp\/v2\/pages\/217","targetHints":{"allow":["GET"]}}],"collection":[{"href":"https:\/\/festival-nauke.me\/2012\/wp-json\/wp\/v2\/pages"}],"about":[{"href":"https:\/\/festival-nauke.me\/2012\/wp-json\/wp\/v2\/types\/page"}],"author":[{"embeddable":true,"href":"https:\/\/festival-nauke.me\/2012\/wp-json\/wp\/v2\/users\/1"}],"replies":[{"embeddable":true,"href":"https:\/\/festival-nauke.me\/2012\/wp-json\/wp\/v2\/comments?post=217"}],"version-history":[{"count":0,"href":"https:\/\/festival-nauke.me\/2012\/wp-json\/wp\/v2\/pages\/217\/revisions"}],"wp:attachment":[{"href":"https:\/\/festival-nauke.me\/2012\/wp-json\/wp\/v2\/media?parent=217"}],"curies":[{"name":"wp","href":"https:\/\/api.w.org\/{rel}","templated":true}]}}