{"id":8,"date":"2016-08-27T21:07:21","date_gmt":"2016-08-27T19:07:21","guid":{"rendered":"http:\/\/festival-nauke.me\/2011\/?page_id=8"},"modified":"2016-08-27T21:07:21","modified_gmt":"2016-08-27T19:07:21","slug":"program","status":"publish","type":"page","link":"https:\/\/festival-nauke.me\/2011\/program\/","title":{"rendered":"Program"},"content":{"rendered":"<p>12 \u2013 20 h\u00a0 EKSPERIMENTI I PREZENTACIJE (paviljon ULUCG)<\/p>\n<p>18 h \u2013 Sve\u010dano otvaranje i NAU\u010cNI \u0160OU Mihe Kosa (Paviljon)<\/p>\n<p>19.00 \u2013 22.00 h\u00a0 NAU\u010cNE TRIBINE\u00a0 (Karver)<\/p>\n<p>19 \u2013 22 h\u00a0 GIMNAZIJALCI ISTRA\u017dUJU (Nau\u010dni kafe u Karveru)<\/p>\n<p>12 \u2013 22 h EVROPSKI UGAO (Karver)<\/p>\n<p>22.00\u00a0 KONCERT Vanje Radovanovi\u0107a\u00a0 (Karver)<\/p>\n<p><strong>ISTRA\u017dIVA\u010cKI IZLETI<\/strong><\/p>\n<p>12 h\u00a0 Kotorski zaliv<\/p>\n<p>12 h\u00a0 Pivara Trebjesa<\/p>\n<p>OTVORENE LABORATORIJE<\/p>\n<p>14 h Ma\u0161inski fakultet UCG<\/p>\n<p>15 h Gra\u0111evinski fakultet UCG<\/p>\n<p><strong>SVE\u010cANO OTVARANJE<\/strong><\/p>\n<p><strong>18 h Paviljon ULUCG<\/strong><\/p>\n<p>Na otvaranju festivala govore Nj. E. <strong>Leopold Maurer<\/strong>, \u0161ef\u00a0 Kancelarije EU u Podgorici, ministar nauke <strong>Sanja Vlahovi\u0107<\/strong> i predsjednik fondacije Prona prof. dr <strong>Jovan Mirkovi\u0107<\/strong>.<\/p>\n<p>Plesnom ta\u010dkom doga\u0111aj upotpunjuje Umjetni\u010dki centar Dream.<\/p>\n<p>Sastavni dio otvaranja je i NAU\u010cNI \u0160OU, spektakl dr Mihe Kosa (Ljubljana):<em> Gasologija (18.20 -19.00h)<\/em><\/p>\n","protected":false},"excerpt":{"rendered":"<p>12 \u2013 20 h\u00a0 EKSPERIMENTI I PREZENTACIJE (paviljon ULUCG) 18 h \u2013 Sve\u010dano otvaranje i NAU\u010cNI \u0160OU Mihe Kosa (Paviljon)<a class=\"read-more\" href=\"https:\/\/festival-nauke.me\/2011\/program\/\"> [&#8230;] \u010citaj dalje <i class=\"la la-long-arrow-right\"><\/i><\/a><\/p>\n","protected":false},"author":1,"featured_media":0,"parent":0,"menu_order":0,"comment_status":"closed","ping_status":"closed","template":"","meta":{"footnotes":""},"class_list":["post-8","page","type-page","status-publish","hentry"],"_links":{"self":[{"href":"https:\/\/festival-nauke.me\/2011\/wp-json\/wp\/v2\/pages\/8","targetHints":{"allow":["GET"]}}],"collection":[{"href":"https:\/\/festival-nauke.me\/2011\/wp-json\/wp\/v2\/pages"}],"about":[{"href":"https:\/\/festival-nauke.me\/2011\/wp-json\/wp\/v2\/types\/page"}],"author":[{"embeddable":true,"href":"https:\/\/festival-nauke.me\/2011\/wp-json\/wp\/v2\/users\/1"}],"replies":[{"embeddable":true,"href":"https:\/\/festival-nauke.me\/2011\/wp-json\/wp\/v2\/comments?post=8"}],"version-history":[{"count":0,"href":"https:\/\/festival-nauke.me\/2011\/wp-json\/wp\/v2\/pages\/8\/revisions"}],"wp:attachment":[{"href":"https:\/\/festival-nauke.me\/2011\/wp-json\/wp\/v2\/media?parent=8"}],"curies":[{"name":"wp","href":"https:\/\/api.w.org\/{rel}","templated":true}]}}