{"id":35,"date":"2016-08-27T23:28:19","date_gmt":"2016-08-27T21:28:19","guid":{"rendered":"http:\/\/festival-nauke.me\/2011\/?page_id=35"},"modified":"2016-08-27T23:30:11","modified_gmt":"2016-08-27T21:30:11","slug":"gimnazijalci-za-noc-istrazivaca","status":"publish","type":"page","link":"https:\/\/festival-nauke.me\/2011\/gimnazijalci-za-noc-istrazivaca\/","title":{"rendered":"Gimnazijalci za No\u0107 istra\u017eiva\u010da"},"content":{"rendered":"<p>U pripremi ovogodi\u0161njeg programa tri grupe kreativnih gimnazijalaca Podgorice, Nik\u0161i\u0107a i Cetinja, istra\u017eivale su teme ljubavi, energije i biodiverziteta na multidisciplinaran na\u010din, pod mentorstvom profesora gimnazija i fakulteta.<\/p>\n<p>Po\u010dev\u0161i od brainstorminga, preko kreiranja koncepta i zadataka, istra\u017eivanja problematike i pripreme kreativnog izlaganja, \u0111aci su dolazili do interesantnih saznanja, osloba\u0111anja kreativnog potencijala, dobro su se zabavljali i me\u0111usobno sara\u0111ivali.<\/p>\n<p>Ovakav na\u010din rada u \u0161kolama, putem kreativnih radionica, predstavlja najbolju praksu u usvajanju znanja. Putem uklju\u010divanja mladih istra\u017eiva\u010da u program manifestacije, No\u0107 istra\u017eiva\u010da \u017eeli da promovi\u0161e kreativan rad u nau\u010dnom obrazovanju.<\/p>\n<p>Svoje rezultate gimnazijalci \u0107e predstaviti u Nau\u010dnom kafeu \u201eKarvera\u201c, u okviru No\u0107i istra\u017eiva\u010da, 23.09. od 19.00h.<\/p>\n<p>Prenosimo dio atmosfere sa pripremnih radionica.<\/p>\n<div id='gallery-1' class='gallery galleryid-35 gallery-columns-4 gallery-size-thumbnail'><figure class='gallery-item'>\n\t\t\t<div class='gallery-icon landscape'>\n\t\t\t\t<a href='https:\/\/festival-nauke.me\/2011\/wp-content\/uploads\/sites\/7\/2016\/08\/dsc_0143.jpg'><img loading=\"lazy\" decoding=\"async\" width=\"150\" height=\"150\" src=\"https:\/\/festival-nauke.me\/2011\/wp-content\/uploads\/sites\/7\/2016\/08\/dsc_0143-150x150.jpg\" class=\"attachment-thumbnail size-thumbnail\" alt=\"\" \/><\/a>\n\t\t\t<\/div><\/figure><figure class='gallery-item'>\n\t\t\t<div class='gallery-icon landscape'>\n\t\t\t\t<a href='https:\/\/festival-nauke.me\/2011\/wp-content\/uploads\/sites\/7\/2016\/08\/dsc_0159.jpg'><img loading=\"lazy\" decoding=\"async\" width=\"150\" height=\"150\" src=\"https:\/\/festival-nauke.me\/2011\/wp-content\/uploads\/sites\/7\/2016\/08\/dsc_0159-150x150.jpg\" class=\"attachment-thumbnail size-thumbnail\" alt=\"\" \/><\/a>\n\t\t\t<\/div><\/figure><figure class='gallery-item'>\n\t\t\t<div class='gallery-icon landscape'>\n\t\t\t\t<a href='https:\/\/festival-nauke.me\/2011\/wp-content\/uploads\/sites\/7\/2016\/08\/dsc_0176.jpg'><img loading=\"lazy\" decoding=\"async\" width=\"150\" height=\"150\" src=\"https:\/\/festival-nauke.me\/2011\/wp-content\/uploads\/sites\/7\/2016\/08\/dsc_0176-150x150.jpg\" class=\"attachment-thumbnail size-thumbnail\" alt=\"\" \/><\/a>\n\t\t\t<\/div><\/figure><figure class='gallery-item'>\n\t\t\t<div class='gallery-icon landscape'>\n\t\t\t\t<a href='https:\/\/festival-nauke.me\/2011\/wp-content\/uploads\/sites\/7\/2016\/08\/p9040023.jpg'><img loading=\"lazy\" decoding=\"async\" width=\"150\" height=\"150\" src=\"https:\/\/festival-nauke.me\/2011\/wp-content\/uploads\/sites\/7\/2016\/08\/p9040023-150x150.jpg\" class=\"attachment-thumbnail size-thumbnail\" alt=\"\" aria-describedby=\"gallery-1-39\" \/><\/a>\n\t\t\t<\/div>\n\t\t\t\t<figcaption class='wp-caption-text gallery-caption' id='gallery-1-39'>\n\t\t\t\tOLYMPUS DIGITAL CAMERA\n\t\t\t\t<\/figcaption><\/figure>\n\t\t<\/div>\n\n","protected":false},"excerpt":{"rendered":"<p>U pripremi ovogodi\u0161njeg programa tri grupe kreativnih gimnazijalaca Podgorice, Nik\u0161i\u0107a i Cetinja, istra\u017eivale su teme ljubavi, energije i biodiverziteta na<a class=\"read-more\" href=\"https:\/\/festival-nauke.me\/2011\/gimnazijalci-za-noc-istrazivaca\/\"> [&#8230;] \u010citaj dalje <i class=\"la la-long-arrow-right\"><\/i><\/a><\/p>\n","protected":false},"author":1,"featured_media":0,"parent":0,"menu_order":0,"comment_status":"closed","ping_status":"closed","template":"","meta":{"footnotes":""},"class_list":["post-35","page","type-page","status-publish","hentry"],"_links":{"self":[{"href":"https:\/\/festival-nauke.me\/2011\/wp-json\/wp\/v2\/pages\/35","targetHints":{"allow":["GET"]}}],"collection":[{"href":"https:\/\/festival-nauke.me\/2011\/wp-json\/wp\/v2\/pages"}],"about":[{"href":"https:\/\/festival-nauke.me\/2011\/wp-json\/wp\/v2\/types\/page"}],"author":[{"embeddable":true,"href":"https:\/\/festival-nauke.me\/2011\/wp-json\/wp\/v2\/users\/1"}],"replies":[{"embeddable":true,"href":"https:\/\/festival-nauke.me\/2011\/wp-json\/wp\/v2\/comments?post=35"}],"version-history":[{"count":0,"href":"https:\/\/festival-nauke.me\/2011\/wp-json\/wp\/v2\/pages\/35\/revisions"}],"wp:attachment":[{"href":"https:\/\/festival-nauke.me\/2011\/wp-json\/wp\/v2\/media?parent=35"}],"curies":[{"name":"wp","href":"https:\/\/api.w.org\/{rel}","templated":true}]}}