{"id":32,"date":"2016-08-27T23:21:23","date_gmt":"2016-08-27T21:21:23","guid":{"rendered":"http:\/\/festival-nauke.me\/2011\/?page_id=32"},"modified":"2016-08-27T23:21:23","modified_gmt":"2016-08-27T21:21:23","slug":"linkovi","status":"publish","type":"page","link":"https:\/\/festival-nauke.me\/2011\/linkovi\/","title":{"rendered":"Linkovi"},"content":{"rendered":"<p><a href=\"http:\/\/ec.europa.eu\/research\/researchersineurope\/events\/researchersnight09\/news_en.htm\">Sajt Evropske komisije posve\u0107en No\u0107i istra\u017eiva\u010da<\/a><\/p>\n<p><a href=\"http:\/\/cientistasaopalco.com\/\">No\u0107 istra\u017eiva\u010da u Portugaliji<\/a><\/p>\n<p><a href=\"http:\/\/www.nuitdeschercheurs-france.eu\/\">No\u0107 istra\u017eiva\u010da u Francuskoj<\/a><\/p>\n<p><a href=\"http:\/\/www.nocraziskovalcev.si\/\">No\u0107 istra\u017eiva\u010da u Sloveniji<\/a><\/p>\n<p><a href=\"http:\/\/www.nocistrazivaca.rs\/\">No\u0107 istra\u017eiva\u010da u Srbiji<\/a><\/p>\n<p><a href=\"http:\/\/forskarfredag.se\/2010\/\">No\u0107 istra\u017eiva\u010da u \u0160vedskoj<\/a><\/p>\n<p><a href=\"http:\/\/www.ahhaa.ee\/TeadlasteOo2010\/\">No\u0107 istra\u017eiva\u010da u Estoniji<\/a><\/p>\n<p><a href=\"http:\/\/www.nocnaukowcow.com.pl\/\">No\u0107 istra\u017eiva\u010da u Poljskoj<\/a><\/p>\n<p><a href=\"http:\/\/www.st-andrews.ac.uk\/history\/researchersnight\/\">No\u0107 istra\u017eiva\u010da u \u0160kotskoj<\/a><\/p>\n<p><a href=\"http:\/\/www.lunganottedellaricerca.it\/\">No\u0107 istra\u017eiva\u010da u Bolcanu u Italiji<\/a><\/p>\n<p><a href=\"http:\/\/www.nocnaukowcow.malopolska.pl\/\">No\u0107 istra\u017eiva\u010da u Poljskoj<\/a><\/p>\n<p><a href=\"http:\/\/www.sovva.sk\/noc-vyskumnika-2010\/\">No\u0107 istra\u017eiva\u010da u Slova\u010dkoj<\/a><\/p>\n<p><a href=\"http:\/\/rn10.net\/rn10\/index.php \">No\u0107 istra\u017eiva\u010da u \u0160paniji<\/a><\/p>\n<p><a href=\"http:\/\/www.kutatokejszakaja.hu\/2010\/\">No\u0107 istra\u017eiva\u010da u Ma\u0111arskoj<\/a><\/p>\n<p><a href=\"http:\/\/www.discoveryfestival.nl\/\">No\u0107 istra\u017eiva\u010da u Holandiji<\/a><\/p>\n","protected":false},"excerpt":{"rendered":"<p>Sajt Evropske komisije posve\u0107en No\u0107i istra\u017eiva\u010da No\u0107 istra\u017eiva\u010da u Portugaliji No\u0107 istra\u017eiva\u010da u Francuskoj No\u0107 istra\u017eiva\u010da u Sloveniji No\u0107 istra\u017eiva\u010da<a class=\"read-more\" href=\"https:\/\/festival-nauke.me\/2011\/linkovi\/\"> [&#8230;] \u010citaj dalje <i class=\"la la-long-arrow-right\"><\/i><\/a><\/p>\n","protected":false},"author":1,"featured_media":0,"parent":0,"menu_order":0,"comment_status":"closed","ping_status":"closed","template":"","meta":{"footnotes":""},"class_list":["post-32","page","type-page","status-publish","hentry"],"_links":{"self":[{"href":"https:\/\/festival-nauke.me\/2011\/wp-json\/wp\/v2\/pages\/32","targetHints":{"allow":["GET"]}}],"collection":[{"href":"https:\/\/festival-nauke.me\/2011\/wp-json\/wp\/v2\/pages"}],"about":[{"href":"https:\/\/festival-nauke.me\/2011\/wp-json\/wp\/v2\/types\/page"}],"author":[{"embeddable":true,"href":"https:\/\/festival-nauke.me\/2011\/wp-json\/wp\/v2\/users\/1"}],"replies":[{"embeddable":true,"href":"https:\/\/festival-nauke.me\/2011\/wp-json\/wp\/v2\/comments?post=32"}],"version-history":[{"count":0,"href":"https:\/\/festival-nauke.me\/2011\/wp-json\/wp\/v2\/pages\/32\/revisions"}],"wp:attachment":[{"href":"https:\/\/festival-nauke.me\/2011\/wp-json\/wp\/v2\/media?parent=32"}],"curies":[{"name":"wp","href":"https:\/\/api.w.org\/{rel}","templated":true}]}}