{"id":30,"date":"2016-08-27T23:15:29","date_gmt":"2016-08-27T21:15:29","guid":{"rendered":"http:\/\/festival-nauke.me\/2011\/?page_id=30"},"modified":"2016-08-27T23:15:29","modified_gmt":"2016-08-27T21:15:29","slug":"projektni-tim","status":"publish","type":"page","link":"https:\/\/festival-nauke.me\/2011\/projektni-tim\/","title":{"rendered":"Projektni tim"},"content":{"rendered":"<p>prof. dr Jovan Mirkovi\u0107, koordinator<\/p>\n<p>Branka \u017di\u017ei\u0107, EU Corner<\/p>\n<p>dr Sne\u017eana Dragi\u0107evi\u0107, urednik Nau\u010dnog kafea<\/p>\n<p>Milutin Radonji\u0107, pomo\u0107nik koordinatora<\/p>\n<p>Ognjen Radulovi\u0107, reditelj<\/p>\n<p>Vlado Klisi\u0107, scenograf<\/p>\n<p>Aleksandra Anja Aleksi\u0107, dizajner<\/p>\n<p>Sonja \u017divaljevi\u0107, redaktor<\/p>\n<p>Mido An\u0111eli\u0107, web master<\/p>\n<p>Ilija Peri\u0107, foto-dokumentacija<\/p>\n<p>Milena \u0110uri\u0107, PR<\/p>\n<p>Andrija Vu\u010dini\u0107, tehni\u010dki koordinator<\/p>\n<p>Stefan Vojvodic, IT asistent<\/p>\n<p>Mentori radionica srednjo\u0161kolaca: Mirjana Pje\u0161\u0107i\u0107, Smilja Vuki\u0107evi\u0107, Mom\u010dilo Bajagi\u0107; Milena Be\u0161i\u0107, Radovan Nik\u010devi\u0107, Neboj\u0161a Ad\u017ei\u0107; Milutin Radonji\u0107, Milica Vu\u0161urovi\u0107, Danilo Mrdak, Sne\u017eana Dragi\u0107evi\u0107.<\/p>\n","protected":false},"excerpt":{"rendered":"<p>prof. dr Jovan Mirkovi\u0107, koordinator Branka \u017di\u017ei\u0107, EU Corner dr Sne\u017eana Dragi\u0107evi\u0107, urednik Nau\u010dnog kafea Milutin Radonji\u0107, pomo\u0107nik koordinatora Ognjen<a class=\"read-more\" href=\"https:\/\/festival-nauke.me\/2011\/projektni-tim\/\"> [&#8230;] \u010citaj dalje <i class=\"la la-long-arrow-right\"><\/i><\/a><\/p>\n","protected":false},"author":1,"featured_media":0,"parent":0,"menu_order":0,"comment_status":"closed","ping_status":"closed","template":"","meta":{"footnotes":""},"class_list":["post-30","page","type-page","status-publish","hentry"],"_links":{"self":[{"href":"https:\/\/festival-nauke.me\/2011\/wp-json\/wp\/v2\/pages\/30","targetHints":{"allow":["GET"]}}],"collection":[{"href":"https:\/\/festival-nauke.me\/2011\/wp-json\/wp\/v2\/pages"}],"about":[{"href":"https:\/\/festival-nauke.me\/2011\/wp-json\/wp\/v2\/types\/page"}],"author":[{"embeddable":true,"href":"https:\/\/festival-nauke.me\/2011\/wp-json\/wp\/v2\/users\/1"}],"replies":[{"embeddable":true,"href":"https:\/\/festival-nauke.me\/2011\/wp-json\/wp\/v2\/comments?post=30"}],"version-history":[{"count":0,"href":"https:\/\/festival-nauke.me\/2011\/wp-json\/wp\/v2\/pages\/30\/revisions"}],"wp:attachment":[{"href":"https:\/\/festival-nauke.me\/2011\/wp-json\/wp\/v2\/media?parent=30"}],"curies":[{"name":"wp","href":"https:\/\/api.w.org\/{rel}","templated":true}]}}