{"id":22,"date":"2016-08-27T22:30:48","date_gmt":"2016-08-27T20:30:48","guid":{"rendered":"http:\/\/festival-nauke.me\/2011\/?page_id=22"},"modified":"2016-08-27T22:41:03","modified_gmt":"2016-08-27T20:41:03","slug":"poziv","status":"publish","type":"page","link":"https:\/\/festival-nauke.me\/2011\/poziv\/","title":{"rendered":"Poziv"},"content":{"rendered":"<p>Pozivamo istra\u017eiva\u010dke timove da se prijave za u\u010de\u0161\u0107e na cetvrtom festivalu nauke \u2018No\u0107 istra\u017eiva\u010da\u2019 koji \u0107e se odr\u017eati 28. septembra 2012, u organizaciji Fondacije za promovisanje nauke \u2018PRONA\u2019 (koordinator), Ministarstva nauke i Prirodnja\u010dkog muzeja Crne Gore.\u00a0 Centralna manifestacija bi\u0107e u Podgorici, u Muzeji i galerije Podgorice i ispred knji\u017eare Karver. Prethodnih godina manifestacija je privukla veliki broj posjetilaca, posebno mladih, imala veliki publicitet kao i pozitivne reakcije u\u010desnika, posjetilaca, obrazovnih i nau\u010dnih institucija.<\/p>\n<p>O\u010dekuje se da \u0107e ove godine odjek No\u0107i istra\u017eiva\u010da biti jo\u0161 ve\u0107i, jer postaje tradicionalna manifestacija prepoznatljiva po originalnosti i druga\u010dijem, pristupa\u010dnom na\u010dinu predstavljanja nauke, inovacija u privredi, dostignu\u0107a doma\u0107ih kao i istra\u017eiva\u010da iz inostranstva. Kroz eksperimente, tribine, panel rasprave, filmove, igru i neformalne susrete, posjetioci \u0107e imati priliku da osjete izazov i nadahnu\u0107e kojima je ispunjen posao nau\u010dnog istra\u017eiva\u010da, ali i da prepoznaju zna\u010daj nauke u svakodnevnim \u017eivotu \u2013 od lije\u010denja, transporta, komunkacije i u\u010denja, do neophodnosti inovativnog kreativnog pristupa u ja\u010danju konkurentne sposobnosti kompanija. Na Festivalu \u0107e u\u010destvovati ne samo fakulteti i instituti ve\u0107 i zavodi, vi\u0161e NVO, ljetnje \u0161kole nauke, male i velike kompanije, me\u0111unarodne agencije, predstavnici crnogorske nau\u010dne dijaspore, nezavisni istra\u017eiva\u010di i gosti iz regiona i svijeta.<\/p>\n<p>No\u0107 istra\u017eiva\u010da\u2019 je manifestacija koja se tradicionalno organizuje u preko 200 evropskih gradova poslednjeg petka u septembru. Projekti su podr\u017eani kroz Sedmi okvirni program EU za istra\u017eivanje i tehnolo\u0161ki razvoj (FP7).<\/p>\n<p><a href=\"http:\/\/www.festival-nauke.me\">www.festival-nauke.me<\/a><\/p>\n<p><a href=\"http:\/\/ec.europa.eu\/research\/researchersineurope\/events\/researchersnight09\/index_en.htm\">http:\/\/ec.europa.eu\/research\/researchersineurope\/events\/researchersnight09\/index_en.htm<\/a><\/p>\n<p>Popunjene prijavne formulare poslati na adresu:<br \/>\nprijava@festivalnauke.me<\/p>\n<p>Download <a href=\"https:\/\/festival-nauke.me\/2011\/wp-content\/uploads\/sites\/7\/2016\/08\/PRIJAVNI_OBRAZAC_ZA_IZLAGA\u010cA.docx\">Prijavni formular<\/a><\/p>\n","protected":false},"excerpt":{"rendered":"<p>Pozivamo istra\u017eiva\u010dke timove da se prijave za u\u010de\u0161\u0107e na cetvrtom festivalu nauke \u2018No\u0107 istra\u017eiva\u010da\u2019 koji \u0107e se odr\u017eati 28. septembra<a class=\"read-more\" href=\"https:\/\/festival-nauke.me\/2011\/poziv\/\"> [&#8230;] \u010citaj dalje <i class=\"la la-long-arrow-right\"><\/i><\/a><\/p>\n","protected":false},"author":1,"featured_media":0,"parent":0,"menu_order":0,"comment_status":"closed","ping_status":"closed","template":"","meta":{"footnotes":""},"class_list":["post-22","page","type-page","status-publish","hentry"],"_links":{"self":[{"href":"https:\/\/festival-nauke.me\/2011\/wp-json\/wp\/v2\/pages\/22","targetHints":{"allow":["GET"]}}],"collection":[{"href":"https:\/\/festival-nauke.me\/2011\/wp-json\/wp\/v2\/pages"}],"about":[{"href":"https:\/\/festival-nauke.me\/2011\/wp-json\/wp\/v2\/types\/page"}],"author":[{"embeddable":true,"href":"https:\/\/festival-nauke.me\/2011\/wp-json\/wp\/v2\/users\/1"}],"replies":[{"embeddable":true,"href":"https:\/\/festival-nauke.me\/2011\/wp-json\/wp\/v2\/comments?post=22"}],"version-history":[{"count":0,"href":"https:\/\/festival-nauke.me\/2011\/wp-json\/wp\/v2\/pages\/22\/revisions"}],"wp:attachment":[{"href":"https:\/\/festival-nauke.me\/2011\/wp-json\/wp\/v2\/media?parent=22"}],"curies":[{"name":"wp","href":"https:\/\/api.w.org\/{rel}","templated":true}]}}