{"id":40,"date":"2016-07-26T19:26:38","date_gmt":"2016-07-26T17:26:38","guid":{"rendered":"http:\/\/festival-nauke.me\/2010\/?page_id=40"},"modified":"2016-07-26T19:26:38","modified_gmt":"2016-07-26T17:26:38","slug":"projektni-tim","status":"publish","type":"page","link":"https:\/\/festival-nauke.me\/2010\/projektni-tim\/","title":{"rendered":"Projektni tim"},"content":{"rendered":"<p>Branka \u017di\u017ei\u0107, koordinatorka projekta<\/p>\n<p>prof. dr Jovan Mirkovi\u0107, programski urednik Festivala<\/p>\n<p>Milutin Radonji\u0107, pomo\u0107nik programskog urednika Festivala<\/p>\n<p>Ivana Vujovi\u0107, pomo\u0107nik programskog urednika Festivala<\/p>\n<p>\u010ceda Ivanovi\u0107, urednica Nau\u010dnog kafea<\/p>\n<p>Andrej Vizi, urednik Nau\u010dnog kafea<\/p>\n<p>Ognjen Radulovi\u0107, reditelj<\/p>\n<p>Vladimir Klisi\u0107, scenograf<\/p>\n<p>Aleksandra Aleksi\u0107, dizajner<\/p>\n<p>Sonja \u017divaljevi\u0107, redaktor<\/p>\n<p>Mido An\u0111eli\u0107, tehni\u010dki koordinator<\/p>\n<p>Ilija Peri\u0107, foto dokumentacija<\/p>\n<p>dr Aleksandar Joksimovi\u0107, voditelj nau\u010dnog izleta u Kotoru<\/p>\n<p>dr Vesna Mara\u0161, voditeljka nau\u010dnog izleta u \u2018Planta\u017eama\u2019<\/p>\n<p>Simo Trebje\u0161anin, voditelj Nau\u010dnog kafea<\/p>\n<p>Zahvaljujemo se profesorkama Gimnazije u Podgorici, Mirjani Pje\u0161\u010di\u0107, Ranki \u0160estovi\u0107 i Vesni Kova\u010devi\u0107, i istori\u010daru Instituta za istoriju, Slavku Burzanovi\u0107u na organizaciji rada sa srednjo\u0161kolcima, kao i svim drugim u\u010desnicima u eksperimentima, postavkama, tribinama, debatama i Nau\u010dnom kafeu.<\/p>\n","protected":false},"excerpt":{"rendered":"<p>Branka \u017di\u017ei\u0107, koordinatorka projekta prof. dr Jovan Mirkovi\u0107, programski urednik Festivala Milutin Radonji\u0107, pomo\u0107nik programskog urednika Festivala Ivana Vujovi\u0107, pomo\u0107nik<a class=\"read-more\" href=\"https:\/\/festival-nauke.me\/2010\/projektni-tim\/\"> [&#8230;] \u010citaj dalje <i class=\"la la-long-arrow-right\"><\/i><\/a><\/p>\n","protected":false},"author":1,"featured_media":0,"parent":0,"menu_order":9,"comment_status":"closed","ping_status":"closed","template":"","meta":{"footnotes":""},"class_list":["post-40","page","type-page","status-publish","hentry"],"_links":{"self":[{"href":"https:\/\/festival-nauke.me\/2010\/wp-json\/wp\/v2\/pages\/40","targetHints":{"allow":["GET"]}}],"collection":[{"href":"https:\/\/festival-nauke.me\/2010\/wp-json\/wp\/v2\/pages"}],"about":[{"href":"https:\/\/festival-nauke.me\/2010\/wp-json\/wp\/v2\/types\/page"}],"author":[{"embeddable":true,"href":"https:\/\/festival-nauke.me\/2010\/wp-json\/wp\/v2\/users\/1"}],"replies":[{"embeddable":true,"href":"https:\/\/festival-nauke.me\/2010\/wp-json\/wp\/v2\/comments?post=40"}],"version-history":[{"count":0,"href":"https:\/\/festival-nauke.me\/2010\/wp-json\/wp\/v2\/pages\/40\/revisions"}],"wp:attachment":[{"href":"https:\/\/festival-nauke.me\/2010\/wp-json\/wp\/v2\/media?parent=40"}],"curies":[{"name":"wp","href":"https:\/\/api.w.org\/{rel}","templated":true}]}}