{"id":16,"date":"2016-07-26T18:51:37","date_gmt":"2016-07-26T16:51:37","guid":{"rendered":"http:\/\/festival-nauke.me\/2010\/?page_id=16"},"modified":"2016-07-26T19:19:50","modified_gmt":"2016-07-26T17:19:50","slug":"program","status":"publish","type":"page","link":"https:\/\/festival-nauke.me\/2010\/program\/","title":{"rendered":"Program"},"content":{"rendered":"<p>24. septembar 2010.<\/p>\n<p><strong>Centralna manifestacija (Paviljon ULUCG i Karver)<\/strong><\/p>\n<p><strong>Program u Paviljonu<\/strong><\/p>\n<p>12 \u2013 20h Eksperimenti i demonstracije<\/p>\n<p>18 h Sve\u010dano otvaranje<\/p>\n<p>16.30 \u2013 17.30 Pauza u Paviljonu<\/p>\n<p><strong>Program u Karveru<\/strong><\/p>\n<p>18.30 \u2013 20.00 Tribine (sala)<\/p>\n<p>20.00 \u2013 21.00 Panel diskusija (sala)<\/p>\n<p>19.00 \u2013 20.15 Nau\u010dni kafe \u2013 Srednjo\u0161kolci dijele znanje<\/p>\n<p>20.30 \u2013 22.00 Nau\u010dni kafe \u2013 Nau\u010dnici odgovaraju<\/p>\n<p>22.00 Koncert grupe <em>Sunset<\/em><\/p>\n<p><strong>Zgrada Tehni\u010dkih fakulteta UCG<\/strong><\/p>\n<p>10 \u2013 14h Evropski ugao \u2013 EU Corner (nau\u010dni projekti, stipendije, umre\u017eavanje\u2026)<\/p>\n<p><strong>10 \u2013 11.30 Nau\u010dni izlet u svijet gro\u017e\u0111a i vina \u201913. jul Planta\u017ee\u2019<\/strong><\/p>\n<p><strong>11 \u2013 16 h Nau\u010dni izlet brodom s biolozima Instituta za biologiju mora u Kotoru<\/strong><\/p>\n","protected":false},"excerpt":{"rendered":"<p>24. septembar 2010. Centralna manifestacija (Paviljon ULUCG i Karver) Program u Paviljonu 12 \u2013 20h Eksperimenti i demonstracije 18 h<a class=\"read-more\" href=\"https:\/\/festival-nauke.me\/2010\/program\/\"> [&#8230;] \u010citaj dalje <i class=\"la la-long-arrow-right\"><\/i><\/a><\/p>\n","protected":false},"author":1,"featured_media":0,"parent":0,"menu_order":8,"comment_status":"closed","ping_status":"closed","template":"","meta":{"footnotes":""},"class_list":["post-16","page","type-page","status-publish","hentry"],"_links":{"self":[{"href":"https:\/\/festival-nauke.me\/2010\/wp-json\/wp\/v2\/pages\/16","targetHints":{"allow":["GET"]}}],"collection":[{"href":"https:\/\/festival-nauke.me\/2010\/wp-json\/wp\/v2\/pages"}],"about":[{"href":"https:\/\/festival-nauke.me\/2010\/wp-json\/wp\/v2\/types\/page"}],"author":[{"embeddable":true,"href":"https:\/\/festival-nauke.me\/2010\/wp-json\/wp\/v2\/users\/1"}],"replies":[{"embeddable":true,"href":"https:\/\/festival-nauke.me\/2010\/wp-json\/wp\/v2\/comments?post=16"}],"version-history":[{"count":0,"href":"https:\/\/festival-nauke.me\/2010\/wp-json\/wp\/v2\/pages\/16\/revisions"}],"wp:attachment":[{"href":"https:\/\/festival-nauke.me\/2010\/wp-json\/wp\/v2\/media?parent=16"}],"curies":[{"name":"wp","href":"https:\/\/api.w.org\/{rel}","templated":true}]}}