{"id":14,"date":"2016-07-26T18:50:04","date_gmt":"2016-07-26T16:50:04","guid":{"rendered":"http:\/\/festival-nauke.me\/2010\/?page_id=14"},"modified":"2016-07-26T18:50:04","modified_gmt":"2016-07-26T16:50:04","slug":"o-festivalu","status":"publish","type":"page","link":"https:\/\/festival-nauke.me\/2010\/o-festivalu\/","title":{"rendered":"O Festivalu"},"content":{"rendered":"<p>Poslednjeg petka u septembru Crna Gora \u0107e biti dio velike evropske porodice koja istog dana slavi profesiju istra\u017eiva\u010da. Kroz eksperimente, tribine, igru i neformalne susrete posjetioci \u0107e imati priliku da osjete izazov i nadahnu\u0107e kojima je ispunjen posao nau\u010dnog istra\u017eiva\u010da, uvide va\u017enost njihovog zanimanja za svakodnevni \u017eivot kao i da li\u010dno upoznaju neke crnogorske nau\u010dnike.<br \/>\nCilj manifestacije je da se demistifikuje posao nau\u010dnika \u2013 istra\u017eiva\u010da za koji su jo\u0161 uvijek vezane brojne predrasude \u2013 da je to zanimanje samo za genijalce, da nauka nema previ\u0161e veze s ekonomskim dobrostanjem, da su nau\u010dnici \u010dudaci zatvoreni u svijetu detalja i brojki\u2026<\/p>\n<p>Program ovogodi\u0161njeg festivala obuhvati\u0107e eksperimente koji obja\u0161njavaju fenomene kao \u0161to su levitiraju\u0107i vozovi, be\u017ei\u010dni prenos energije na daljinu, mogu\u0107i izvori energije budu\u0107nosti (fuzija), kakva je veza matematike i umjetnosti, \u0161ta sve podrazumijeva elektronska identifikacija, \u0161ta se radi u kampovima fizike i biologije u Crnoj Gori, kako je izgledala istorija \u017eivog svijeta na na\u0161im prostorima itd.<\/p>\n<p>U okviru javnih tribina posjetioci \u0107e mo\u0107i da se upoznaju s primjenom nauke u industrijskim tehnologijama, koliko istra\u017eiva\u010dki rad u preduze\u0107ima doprinosi konkurentnosti i \u0161ta je novo u seizmologiji i genomici. EU Corner \u0107e pribli\u017eiti prisutnima Evropski istra\u017eiva\u010dki prostor i programe EU koji podr\u017eavaju istra\u017eiva\u010dki rad. Javne debate \u0107e uklju\u010diti javnost u razmi\u0161ljanje i argumentovanje o nekim od najaktuelnijih razvojnih pitanja Crne Gore dok \u0107e nau\u010dni kafe ugostiti gimnazijalce koji vole nauku i njihove vr\u0161njake a bi\u0107e prilike i da se daju odgovori na pitanja za nau\u010dnike prikupljena putem video klipova. Na kraju \u0107emo se svi dru\u017eiti uz muziku. Centralni segmenti festivala de\u0161ava\u0107e se u prostoru Umjetni\u010dkog paviljona ULUCG i knji\u017eare \u2019Karver\u2019.<\/p>\n<p>Novitet ove godine su i nau\u010dni izleti koji \u0107e se de\u0161avati na tri izdvojene lokacije: izletnici \u0107e se mo\u0107i pridru\u017eiti brodskoj ekspediciji marinskih biologa Instituta za biologiju mora u Kotoru, grupa zainteresovanih \u0107e na Cetinju raditi s predstavnicima Istorijskog instituta na istra\u017eivanju o progla\u0161enju kraljevine Crne Gore dok \u0107e tre\u0107a grupa mo\u0107i da sazna kako izgleda proizvodnja vina, od berbe gro\u017e\u0111a pa do pakovanja vina u fabrici \u2019Planta\u017ee\u2019. O\u010dekuje se da \u0107e raznovrsan i zanimljiv jednodnevni program privu\u0107i veliki broj posjetilaca i da \u0107e uticati na pobolj\u0161anje slike o nau\u010dnom radu u javnosti Crne Gore.<\/p>\n<p>Doga\u0111aj u Crnoj Gori bi\u0107e jedan od 200 sli\u010dnih doga\u0111aja koji se de\u0161avaju \u0161irom Evrope 24. septembra. Projekat je podr\u017ean kroz Sedmi okvirni program EU za istra\u017eivanje i tehnolo\u0161ki razvoj (FP7) i program promovisanja nauke Ministarstva prosvjete i nauke.<\/p>\n","protected":false},"excerpt":{"rendered":"<p>Poslednjeg petka u septembru Crna Gora \u0107e biti dio velike evropske porodice koja istog dana slavi profesiju istra\u017eiva\u010da. Kroz eksperimente,<a class=\"read-more\" href=\"https:\/\/festival-nauke.me\/2010\/o-festivalu\/\"> [&#8230;] \u010citaj dalje <i class=\"la la-long-arrow-right\"><\/i><\/a><\/p>\n","protected":false},"author":1,"featured_media":0,"parent":0,"menu_order":6,"comment_status":"closed","ping_status":"closed","template":"","meta":{"footnotes":""},"class_list":["post-14","page","type-page","status-publish","hentry"],"_links":{"self":[{"href":"https:\/\/festival-nauke.me\/2010\/wp-json\/wp\/v2\/pages\/14","targetHints":{"allow":["GET"]}}],"collection":[{"href":"https:\/\/festival-nauke.me\/2010\/wp-json\/wp\/v2\/pages"}],"about":[{"href":"https:\/\/festival-nauke.me\/2010\/wp-json\/wp\/v2\/types\/page"}],"author":[{"embeddable":true,"href":"https:\/\/festival-nauke.me\/2010\/wp-json\/wp\/v2\/users\/1"}],"replies":[{"embeddable":true,"href":"https:\/\/festival-nauke.me\/2010\/wp-json\/wp\/v2\/comments?post=14"}],"version-history":[{"count":0,"href":"https:\/\/festival-nauke.me\/2010\/wp-json\/wp\/v2\/pages\/14\/revisions"}],"wp:attachment":[{"href":"https:\/\/festival-nauke.me\/2010\/wp-json\/wp\/v2\/media?parent=14"}],"curies":[{"name":"wp","href":"https:\/\/api.w.org\/{rel}","templated":true}]}}