{"id":9,"date":"2016-07-23T17:49:30","date_gmt":"2016-07-23T15:49:30","guid":{"rendered":"http:\/\/festival-nauke.me\/2009\/?page_id=9"},"modified":"2016-07-23T17:49:30","modified_gmt":"2016-07-23T15:49:30","slug":"impressum","status":"publish","type":"page","link":"https:\/\/festival-nauke.me\/2009\/impressum\/","title":{"rendered":"Impressum"},"content":{"rendered":"<blockquote><p><strong>FESTIVAL<\/strong> se zahvaljuje svim u\u010desnicima, predava\u010dima, asistentima, studentima, u\u010denicima, svima koji su dali novo zna\u010denje nauci, istra\u017eivali njenu primjenjivost, ljepotu i na\u010dine na koje bi \u0161to bolje komunicirala sa onima koji je \u017eele istra\u017eiti i prona\u0107i se u prostoru inovacija i \u017eivotnih udobnosti koje znanje pru\u017ea!<br \/>\nNa istom talasu nau\u010dnog nadahnu\u0107a vidje\u0107emo se i sljede\u0107e godine!<\/p><\/blockquote>\n<p><strong><span class=\"debeli\">FESTIVAL ORGANIZOVALI:<\/span><\/strong><\/p>\n<p>Branka \u017di\u017ei\u0107 (koordinator)<br \/>\nprof. dr Jovan Mirkovi\u0107 i prof. dr Nevenka Antovi\u0107 (programski koordinatori)<br \/>\nIvana Vujovi\u0107 (izvr\u0161ni koordinator)<br \/>\nIlija Peri\u0107 (kreativni direktor)<br \/>\nOgnjen Radulovi\u0107 (reditelj i autor slogana)<br \/>\nAndrej Vizi (organizacioni asistent)<br \/>\n\u010ceda Ivanovi\u0107 (organizacioni asistent)<br \/>\nMido An\u0111eli\u0107, Nikola Be\u0161i\u0107 i Mirko Vuk\u010devi\u0107 (logistika)<br \/>\nVladimir Klisi\u0107 (scenografija)<\/p>\n<p><span class=\"debeli\">Dizajn i produkcija:<\/span><\/p>\n<p>identity & promoton<br \/>\nEdo Ad\u017eiamerovi\u0107, Luka Bo\u0161kovi\u0107, Damjan Damjanovi\u0107<\/p>\n","protected":false},"excerpt":{"rendered":"<p>FESTIVAL se zahvaljuje svim u\u010desnicima, predava\u010dima, asistentima, studentima, u\u010denicima, svima koji su dali novo zna\u010denje nauci, istra\u017eivali njenu primjenjivost, ljepotu<a class=\"read-more\" href=\"https:\/\/festival-nauke.me\/2009\/impressum\/\"> [&#8230;] \u010citaj dalje <i class=\"la la-long-arrow-right\"><\/i><\/a><\/p>\n","protected":false},"author":1,"featured_media":0,"parent":0,"menu_order":0,"comment_status":"closed","ping_status":"closed","template":"","meta":{"footnotes":""},"class_list":["post-9","page","type-page","status-publish","hentry"],"_links":{"self":[{"href":"https:\/\/festival-nauke.me\/2009\/wp-json\/wp\/v2\/pages\/9","targetHints":{"allow":["GET"]}}],"collection":[{"href":"https:\/\/festival-nauke.me\/2009\/wp-json\/wp\/v2\/pages"}],"about":[{"href":"https:\/\/festival-nauke.me\/2009\/wp-json\/wp\/v2\/types\/page"}],"author":[{"embeddable":true,"href":"https:\/\/festival-nauke.me\/2009\/wp-json\/wp\/v2\/users\/1"}],"replies":[{"embeddable":true,"href":"https:\/\/festival-nauke.me\/2009\/wp-json\/wp\/v2\/comments?post=9"}],"version-history":[{"count":0,"href":"https:\/\/festival-nauke.me\/2009\/wp-json\/wp\/v2\/pages\/9\/revisions"}],"wp:attachment":[{"href":"https:\/\/festival-nauke.me\/2009\/wp-json\/wp\/v2\/media?parent=9"}],"curies":[{"name":"wp","href":"https:\/\/api.w.org\/{rel}","templated":true}]}}