{"id":6,"date":"2016-07-23T17:29:53","date_gmt":"2016-07-23T15:29:53","guid":{"rendered":"http:\/\/festival-nauke.me\/2009\/?page_id=6"},"modified":"2016-07-23T17:29:53","modified_gmt":"2016-07-23T15:29:53","slug":"o-festivalu","status":"publish","type":"page","link":"https:\/\/festival-nauke.me\/2009\/o-festivalu\/","title":{"rendered":"O Festivalu"},"content":{"rendered":"<p>Nauka nije sistem zatvoren i sebi dovoljan. Ona prati svakodnevni \u017eivot, upotpunjuje ga i \u010dini kvalitetnijim. Nauka \u017eivi i razvija se. Danas vozovi levitiraju, simulira se nastanak Univerzuma\u2026 U 21. vijeku nauka nije samo sredstvo da se shvati svijet oko nas, ve\u0107 je i uslov ekonomskog i dru\u0161tvenog razvoja. Pri tom, ona je zabavna, pokre\u0107e i izaziva. Zadovoljena nau\u010dna znati\u017eelja ra\u0111a novu, i podsti\u010de dalja istra\u017eivanja. Zbog harmonije nauke, umjetnosti i prirode, muzeji i galerije Podgorice ugosti\u0107e 25. 09. 2009.\u00a0<em>Festival nauke<\/em> \u2013\u00a0<em>No\u0107 istra\u017eiva\u010da<\/em>. Ovo je prilika da svoju znati\u017eelju probudite, da je poslije njegujete i razvijate<strong>. Istra\u017eite <\/strong>postavke, posjetite tribine, razgovarajte sa vode\u0107im istra\u017eiva\u010dima \u2013\u00a0<strong>prona\u0111ite se<\/strong> u \u010dudesnom svijetu nauke. Do\u0111ite sami ili sa prijateljima, djecom, ro\u0111acima, roditeljima, i provjerite \u0161ta se zna i prikazuje, \u0161ta se prou\u010dava, obja\u0161njava, pita\u2026 Dobrodo\u0161li!<\/p>\n","protected":false},"excerpt":{"rendered":"<p>Nauka nije sistem zatvoren i sebi dovoljan. Ona prati svakodnevni \u017eivot, upotpunjuje ga i \u010dini kvalitetnijim. Nauka \u017eivi i razvija<a class=\"read-more\" href=\"https:\/\/festival-nauke.me\/2009\/o-festivalu\/\"> [&#8230;] \u010citaj dalje <i class=\"la la-long-arrow-right\"><\/i><\/a><\/p>\n","protected":false},"author":1,"featured_media":7,"parent":0,"menu_order":0,"comment_status":"closed","ping_status":"closed","template":"","meta":{"footnotes":""},"class_list":["post-6","page","type-page","status-publish","has-post-thumbnail","hentry"],"_links":{"self":[{"href":"https:\/\/festival-nauke.me\/2009\/wp-json\/wp\/v2\/pages\/6","targetHints":{"allow":["GET"]}}],"collection":[{"href":"https:\/\/festival-nauke.me\/2009\/wp-json\/wp\/v2\/pages"}],"about":[{"href":"https:\/\/festival-nauke.me\/2009\/wp-json\/wp\/v2\/types\/page"}],"author":[{"embeddable":true,"href":"https:\/\/festival-nauke.me\/2009\/wp-json\/wp\/v2\/users\/1"}],"replies":[{"embeddable":true,"href":"https:\/\/festival-nauke.me\/2009\/wp-json\/wp\/v2\/comments?post=6"}],"version-history":[{"count":0,"href":"https:\/\/festival-nauke.me\/2009\/wp-json\/wp\/v2\/pages\/6\/revisions"}],"wp:featuredmedia":[{"embeddable":true,"href":"https:\/\/festival-nauke.me\/2009\/wp-json\/wp\/v2\/media\/7"}],"wp:attachment":[{"href":"https:\/\/festival-nauke.me\/2009\/wp-json\/wp\/v2\/media?parent=6"}],"curies":[{"name":"wp","href":"https:\/\/api.w.org\/{rel}","templated":true}]}}