{"id":5,"date":"2016-07-23T12:52:58","date_gmt":"2016-07-23T10:52:58","guid":{"rendered":"http:\/\/festival-nauke.me\/2009\/?page_id=5"},"modified":"2016-07-23T17:27:25","modified_gmt":"2016-07-23T15:27:25","slug":"home","status":"publish","type":"page","link":"https:\/\/festival-nauke.me\/2009\/","title":{"rendered":"Home"},"content":{"rendered":"<p><iframe loading=\"lazy\" title=\"Festival nauke - No\u0107 istra\u017eiva\u010da 2009 - slideshow\" src=\"https:\/\/player.vimeo.com\/video\/6785924?dnt=1&app_id=122963\" width=\"640\" height=\"512\" frameborder=\"0\" allow=\"autoplay; fullscreen\" allowfullscreen><\/iframe><br \/>\n<iframe loading=\"lazy\" title=\"Festival nauke 2009 - otvaranje\" src=\"https:\/\/player.vimeo.com\/video\/14860346?dnt=1&app_id=122963\" width=\"320\" height=\"240\" frameborder=\"0\" allow=\"autoplay; fullscreen\" allowfullscreen><\/iframe><\/p>\n","protected":false},"excerpt":{"rendered":"","protected":false},"author":1,"featured_media":0,"parent":0,"menu_order":0,"comment_status":"closed","ping_status":"closed","template":"","meta":{"footnotes":""},"class_list":["post-5","page","type-page","status-publish","hentry"],"_links":{"self":[{"href":"https:\/\/festival-nauke.me\/2009\/wp-json\/wp\/v2\/pages\/5","targetHints":{"allow":["GET"]}}],"collection":[{"href":"https:\/\/festival-nauke.me\/2009\/wp-json\/wp\/v2\/pages"}],"about":[{"href":"https:\/\/festival-nauke.me\/2009\/wp-json\/wp\/v2\/types\/page"}],"author":[{"embeddable":true,"href":"https:\/\/festival-nauke.me\/2009\/wp-json\/wp\/v2\/users\/1"}],"replies":[{"embeddable":true,"href":"https:\/\/festival-nauke.me\/2009\/wp-json\/wp\/v2\/comments?post=5"}],"version-history":[{"count":0,"href":"https:\/\/festival-nauke.me\/2009\/wp-json\/wp\/v2\/pages\/5\/revisions"}],"wp:attachment":[{"href":"https:\/\/festival-nauke.me\/2009\/wp-json\/wp\/v2\/media?parent=5"}],"curies":[{"name":"wp","href":"https:\/\/api.w.org\/{rel}","templated":true}]}}